{"id":4445,"date":"2026-02-06T11:09:43","date_gmt":"2026-02-06T10:09:43","guid":{"rendered":"https:\/\/lomenak.com\/our-history\/obren-saila\/"},"modified":"2026-02-09T13:55:20","modified_gmt":"2026-02-09T12:55:20","slug":"construction-department","status":"publish","type":"page","link":"https:\/\/lomenak.com\/en\/construction-department\/","title":{"rendered":"Construction department"},"content":{"rendered":"\t\t<div data-elementor-type=\"wp-page\" data-elementor-id=\"4445\" class=\"elementor elementor-4445 elementor-4427\" data-elementor-post-type=\"page\">\n\t\t\t\t<div class=\"elementor-element elementor-element-e256ca2 ops-section e-flex e-con-boxed e-con e-parent\" data-id=\"e256ca2\" data-element_type=\"container\" data-settings=\"{&quot;background_background&quot;:&quot;classic&quot;,&quot;ekit_has_onepagescroll&quot;:&quot;section&quot;}\">\n\t\t\t\t\t<div class=\"e-con-inner\">\n\t\t<div class=\"elementor-element elementor-element-eb75802 e-con-full e-flex e-con e-child\" data-id=\"eb75802\" data-element_type=\"container\">\n\t\t\t\t<div class=\"elementor-element elementor-element-813d5bc elementor-widget elementor-widget-text-editor\" data-id=\"813d5bc\" data-element_type=\"widget\" data-widget_type=\"text-editor.default\">\n\t\t\t\t<div class=\"elementor-widget-container\">\n\t\t\t\t\t\t\t\t\t<p><strong>I\u00f1igo Lome\u00f1a<\/strong>. <em>Site Manager<\/em>.<\/p>\t\t\t\t\t\t\t\t<\/div>\n\t\t\t\t<\/div>\n\t\t\t\t<\/div>\n\t\t\t\t\t<\/div>\n\t\t\t\t<\/div>\n\t\t<div class=\"elementor-element elementor-element-00ccdc7 e-flex e-con-boxed e-con e-parent\" data-id=\"00ccdc7\" data-element_type=\"container\" data-settings=\"{&quot;background_background&quot;:&quot;classic&quot;}\">\n\t\t\t\t\t<div class=\"e-con-inner\">\n\t\t<div class=\"elementor-element elementor-element-c66f9dd e-con-full e-flex e-con e-child\" data-id=\"c66f9dd\" data-element_type=\"container\">\n\t\t<div class=\"elementor-element elementor-element-c036713 e-con-full e-flex e-con e-child\" data-id=\"c036713\" data-element_type=\"container\">\n\t\t<div class=\"elementor-element elementor-element-666a059 e-con-full e-flex e-con e-child\" data-id=\"666a059\" data-element_type=\"container\">\n\t\t<div class=\"elementor-element elementor-element-bc7f503 e-con-full e-flex e-con e-child\" data-id=\"bc7f503\" data-element_type=\"container\" data-settings=\"{&quot;background_background&quot;:&quot;classic&quot;}\">\n\t\t\t\t<div class=\"elementor-element elementor-element-9dec2e8 elementor-widget__width-initial elementor-widget elementor-widget-heading\" data-id=\"9dec2e8\" data-element_type=\"widget\" data-widget_type=\"heading.default\">\n\t\t\t\t<div class=\"elementor-widget-container\">\n\t\t\t\t\t<div class=\"elementor-heading-title elementor-size-default\">Lome\u00f1a<\/div>\t\t\t\t<\/div>\n\t\t\t\t<\/div>\n\t\t\t\t<\/div>\n\t\t\t\t<\/div>\n\t\t\t\t<div class=\"elementor-element elementor-element-1d8f3a3 elementor-widget elementor-widget-heading\" data-id=\"1d8f3a3\" data-element_type=\"widget\" data-widget_type=\"heading.default\">\n\t\t\t\t<div class=\"elementor-widget-container\">\n\t\t\t\t\t<h1 class=\"elementor-heading-title elementor-size-default\">Construction department<\/h1>\t\t\t\t<\/div>\n\t\t\t\t<\/div>\n\t\t\t\t<\/div>\n\t\t<div class=\"elementor-element elementor-element-06ab25c e-con-full e-flex e-con e-child\" data-id=\"06ab25c\" data-element_type=\"container\">\n\t\t\t\t<div class=\"elementor-element elementor-element-a7b8843 elementor-invisible elementor-widget elementor-widget-heading\" data-id=\"a7b8843\" data-element_type=\"widget\" data-settings=\"{&quot;_animation&quot;:&quot;fadeInDown&quot;}\" data-widget_type=\"heading.default\">\n\t\t\t\t<div class=\"elementor-widget-container\">\n\t\t\t\t\t<h2 class=\"elementor-heading-title elementor-size-default\">FGI Lome\u00f1a in-house teams<\/h2>\t\t\t\t<\/div>\n\t\t\t\t<\/div>\n\t\t\t\t<div class=\"elementor-element elementor-element-f41bde1 descripcion elementor-widget elementor-widget-text-editor\" data-id=\"f41bde1\" data-element_type=\"widget\" data-widget_type=\"text-editor.default\">\n\t\t\t\t<div class=\"elementor-widget-container\">\n\t\t\t\t\t\t\t\t\t<p class=\"p1\">At FGI Lome\u00f1a, we work with our own in-house teams, specialised according to the type of work:<\/p>\t\t\t\t\t\t\t\t<\/div>\n\t\t\t\t<\/div>\n\t\t<div class=\"elementor-element elementor-element-7985e1d e-con-full e-flex e-con e-child\" data-id=\"7985e1d\" data-element_type=\"container\">\n\t\t\t\t<div class=\"elementor-element elementor-element-2f1d9f7 elementor-invisible elementor-widget elementor-widget-heading\" data-id=\"2f1d9f7\" data-element_type=\"widget\" data-settings=\"{&quot;_animation&quot;:&quot;fadeInDown&quot;}\" data-widget_type=\"heading.default\">\n\t\t\t\t<div class=\"elementor-widget-container\">\n\t\t\t\t\t<h2 class=\"elementor-heading-title elementor-size-default\">Fa\u00e7ade teams<\/h2>\t\t\t\t<\/div>\n\t\t\t\t<\/div>\n\t\t\t\t<div class=\"elementor-element elementor-element-b5ae801 descripcion elementor-widget elementor-widget-text-editor\" data-id=\"b5ae801\" data-element_type=\"widget\" data-widget_type=\"text-editor.default\">\n\t\t\t\t<div class=\"elementor-widget-container\">\n\t\t\t\t\t\t\t\t\t<p class=\"p1\">Specialised in:<\/p><ul><li class=\"p1\">Fa\u00e7ade rehabilitation<\/li><li class=\"p1\">ETICS \/ SATE insulation systems<\/li><li class=\"p1\">Exterior painting<\/li><li class=\"p1\">Eaves and overhang repairs<\/li><li class=\"p1\">Assembly and dismantling of our own scaffolding<\/li><\/ul>\t\t\t\t\t\t\t\t<\/div>\n\t\t\t\t<\/div>\n\t\t<div class=\"elementor-element elementor-element-3b512ac e-con-full e-flex e-con e-child\" data-id=\"3b512ac\" data-element_type=\"container\">\n\t\t\t\t<div class=\"elementor-element elementor-element-62e8ce7 elementor-view-default elementor-widget elementor-widget-icon\" data-id=\"62e8ce7\" data-element_type=\"widget\" data-widget_type=\"icon.default\">\n\t\t\t\t<div class=\"elementor-widget-container\">\n\t\t\t\t\t\t\t<div class=\"elementor-icon-wrapper\">\n\t\t\t<div class=\"elementor-icon\">\n\t\t\t<svg xmlns=\"http:\/\/www.w3.org\/2000\/svg\" id=\"Capa_1\" data-name=\"Capa 1\" viewBox=\"0 0 100.52 103.96\"><path d=\"M90.73,95.36c-.56-.2-1.2-.26-1.88-.3v-5.66s4.44.6,4.44.6v7.91s4.76-.03,4.76-.03l-.07-41.21.02-55.26c0-.91-.61-1.39-1.41-1.39h-1.85c-.62,0-1.43.41-1.43,1.19l-.02,8.5h-4.58s-.03-2.65-.03-2.65c0-.53-.6-1.11-1.14-1.11h-2.12c-.72.01-1.16.65-1.17,1.28l-.03,2.48H16.01s-.07-2.66-.07-2.66c-.01-.45-.52-1.06-1.02-1.08-1.4-.06-3.46-.4-3.5,1.32l-.05,2.42h-4.2s-.02-8.14-.02-8.14c0-.85-.48-1.56-1.4-1.55l-2.12.02c-.92,0-1.39.76-1.39,1.66l.11,43.64.13,24.97.16,27.6,4.75-.02v-7.96s4.18-.5,4.18-.5l.03,5.65-1.61.17c-.36,1.07-.36,2.05.1,3.14h7.9c.6-.41.55-2.85,0-3.16l-1.79-.23-.05-5.79h68.2s0,5.83,0,5.83l-1.74.14c-.61.23-.7,2.9,0,3.21l7.24.03c1.49,0,1.01-1.94.86-3.05ZM88.71,15.45h4.56s.06,2.38.06,2.38l-4.63,1.47.02-3.85ZM93.29,32.7l-4.59.76v-10.69s4.59-1.39,4.59-1.39v11.32ZM16.01,17.29h68.19s0,2.41,0,2.41l-34.15,12.71-34.04-12.61c-.08-.84-.07-1.65,0-2.51ZM7.12,15.45h4.31s0,3.93,0,3.93l-4.29-1.48-.02-2.45ZM7.16,21.67l4.27,1.41-.02,10.38-4.26-.71v-11.08ZM7.17,36.07l4.26.76v6.69s4.55,0,4.55,0l-.02-19.79,28.47,10.55-23.94,9.18,9.89.06,19.49-7.27,19.64,7.26,10.41-.07-24.32-9.11,28.64-10.65v19.82s4.43,0,4.43,0v-6.81s4.6-.69,4.6-.69v14.56s-1.9.1-1.9.1l.09-4.03c.01-.52-.62-.99-1.18-.99H10.23c-.83,0-1.35.53-1.32,1.35l.14,3.65-1.83-.03-.04-14.57ZM88.72,57.67l-.04-3.98h4.61s0,2.44,0,2.44l-4.56,1.53ZM93.29,59.81v11.04s-4.58.87-4.58.87l.02-10.45,4.56-1.46ZM84.23,57.03l-34.27,13.1-14.27-5.47-19.56-7.41v-3.59s68.09,0,68.09,0v3.36ZM7.22,53.69l4.29.05-.02,3.93-4.24-1.46-.03-2.52ZM7.28,59.85l4.22,1.46v10.38s-4.16-.83-4.16-.83l-.06-11.01ZM10.4,81.14c-.7,0-1.19.53-1.19,1.14v4.13s-1.8.14-1.8.14l-.03-12.52,4.16.97.03,4.15h4.54s.01-17.91.01-17.91l28.39,10.68-18.9,7.36,9.69.06,14.78-5.58,14.81,5.57,9.74-.07-19.26-7.33,28.87-10.84v18.04s4.59.04,4.59.04v-4.21s4.45-.91,4.45-.91v12.5c-.68,0-1.29-.07-1.91-.21l.09-3.89c.02-.74-.51-1.31-1.36-1.31H10.4Z\"><\/path><path d=\"M9.54,99.53H1.01c-.36,0-.99.46-.99.81L0,103.17c0,.41.4.79.82.79h8.89c.39,0,.89-.28.9-.73v-2.66c0-.54-.55-1.03-1.07-1.03Z\"><\/path><path d=\"M100.5,100.5c0-.48-.49-.97-.96-.97h-8.4c-.51,0-1.13.43-1.13.97l-.02,2.82c0,.22.43.63.66.63h9.13c.39-.1.75-.47.74-.78v-2.68Z\"><\/path><\/svg>\t\t\t<\/div>\n\t\t<\/div>\n\t\t\t\t\t\t<\/div>\n\t\t\t\t<\/div>\n\t\t\t\t<div class=\"elementor-element elementor-element-e25e6fa elementor-widget elementor-widget-heading\" data-id=\"e25e6fa\" data-element_type=\"widget\" data-widget_type=\"heading.default\">\n\t\t\t\t<div class=\"elementor-widget-container\">\n\t\t\t\t\t<div class=\"elementor-heading-title elementor-size-default\">Having our own scaffolding allows us to work efficiently and remain highly competitive.<\/div>\t\t\t\t<\/div>\n\t\t\t\t<\/div>\n\t\t\t\t<\/div>\n\t\t\t\t<\/div>\n\t\t\t\t<div class=\"elementor-element elementor-element-44341da elementor-widget-divider--view-line elementor-widget elementor-widget-divider\" data-id=\"44341da\" data-element_type=\"widget\" data-widget_type=\"divider.default\">\n\t\t\t\t<div class=\"elementor-widget-container\">\n\t\t\t\t\t\t\t<div class=\"elementor-divider\">\n\t\t\t<span class=\"elementor-divider-separator\">\n\t\t\t\t\t\t<\/span>\n\t\t<\/div>\n\t\t\t\t\t\t<\/div>\n\t\t\t\t<\/div>\n\t\t\t\t<\/div>\n\t\t<div class=\"elementor-element elementor-element-8d7516f e-con-full e-flex e-con e-child\" data-id=\"8d7516f\" data-element_type=\"container\">\n\t\t\t\t<div class=\"elementor-element elementor-element-a2295eb elementor-invisible elementor-widget elementor-widget-heading\" data-id=\"a2295eb\" data-element_type=\"widget\" data-settings=\"{&quot;_animation&quot;:&quot;fadeInDown&quot;}\" data-widget_type=\"heading.default\">\n\t\t\t\t<div class=\"elementor-widget-container\">\n\t\t\t\t\t<h2 class=\"elementor-heading-title elementor-size-default\">Interior painting teams<\/h2>\t\t\t\t<\/div>\n\t\t\t\t<\/div>\n\t\t\t\t<div class=\"elementor-element elementor-element-81dbce9 descripcion elementor-widget elementor-widget-text-editor\" data-id=\"81dbce9\" data-element_type=\"widget\" data-widget_type=\"text-editor.default\">\n\t\t\t\t<div class=\"elementor-widget-container\">\n\t\t\t\t\t\t\t\t\t<p class=\"p1\">Especializados en:<\/p><ul><li class=\"p1\"><p class=\"p1\">Interior painting for homes and residential buildings<\/p><\/li><li class=\"p1\"><p class=\"p1\">Wall and ceiling repairs<\/p><\/li><li class=\"p1\"><p class=\"p1\">Fine finishes and surface preparation<\/p><\/li><li class=\"p1\"><p class=\"p1\">Interior renovation works<\/p><\/li><li class=\"p1\"><p class=\"p1\">Coordination and execution<\/p><\/li><li class=\"p1\"><p class=\"p1\">I\u00f1igo organises the teams, sets schedules and supervises the quality of the works.<\/p><\/li><li class=\"p1\"><p class=\"p1\">Clients always know who to contact for any questions or follow-up: Ander or Carolina.<\/p><\/li><li class=\"p1\"><p class=\"p1\">At the end of the project, we carry out a full inspection and final checks.<\/p><\/li><\/ul>\t\t\t\t\t\t\t\t<\/div>\n\t\t\t\t<\/div>\n\t\t\t\t<\/div>\n\t\t\t\t<\/div>\n\t\t\t\t\t<\/div>\n\t\t\t\t<\/div>\n\t\t\t\t<\/div>\n\t\t","protected":false},"excerpt":{"rendered":"<p>I\u00f1igo Lome\u00f1a. Site Manager. Lome\u00f1a Construction department FGI Lome\u00f1a in-house teams At FGI Lome\u00f1a, we work with our own in-house teams, specialised according to the type of work: Fa\u00e7ade teams Specialised in: Fa\u00e7ade rehabilitation ETICS \/ SATE insulation systems Exterior painting Eaves and overhang repairs Assembly and dismantling of our own scaffolding Having our own [&hellip;]<\/p>\n","protected":false},"author":1,"featured_media":0,"parent":0,"menu_order":0,"comment_status":"closed","ping_status":"closed","template":"elementor_header_footer","meta":{"footnotes":""},"class_list":["post-4445","page","type-page","status-publish","hentry"],"yoast_head":"<!-- This site is optimized with the Yoast SEO plugin v26.6 - https:\/\/yoast.com\/wordpress\/plugins\/seo\/ -->\n<title>Construction department - LOME\u00d1A<\/title>\n<meta name=\"description\" content=\"Lome\u00f1a&#039;s Technical Department is the first point of direct contact with the customer and the place where our way of working begins.\" \/>\n<meta name=\"robots\" content=\"noindex, follow, max-snippet:-1, max-image-preview:large, max-video-preview:-1\" \/>\n<meta property=\"og:locale\" content=\"en_US\" \/>\n<meta property=\"og:type\" content=\"article\" \/>\n<meta property=\"og:title\" content=\"Construction department - LOME\u00d1A\" \/>\n<meta property=\"og:description\" content=\"Lome\u00f1a&#039;s Technical Department is the first point of direct contact with the customer and the place where our way of working begins.\" \/>\n<meta property=\"og:url\" content=\"https:\/\/lomenak.com\/en\/construction-department\/\" \/>\n<meta property=\"og:site_name\" content=\"LOME\u00d1A\" \/>\n<meta property=\"article:modified_time\" content=\"2026-02-09T12:55:20+00:00\" \/>\n<meta name=\"twitter:card\" content=\"summary_large_image\" \/>\n<meta name=\"twitter:label1\" content=\"Est. reading time\" \/>\n\t<meta name=\"twitter:data1\" content=\"1 minute\" \/>\n<script type=\"application\/ld+json\" class=\"yoast-schema-graph\">{\"@context\":\"https:\/\/schema.org\",\"@graph\":[{\"@type\":\"WebPage\",\"@id\":\"https:\/\/lomenak.com\/en\/construction-department\/\",\"url\":\"https:\/\/lomenak.com\/en\/construction-department\/\",\"name\":\"Construction department - LOME\u00d1A\",\"isPartOf\":{\"@id\":\"https:\/\/lomenak.com\/en\/#website\"},\"datePublished\":\"2026-02-06T10:09:43+00:00\",\"dateModified\":\"2026-02-09T12:55:20+00:00\",\"description\":\"Lome\u00f1a's Technical Department is the first point of direct contact with the customer and the place where our way of working begins.\",\"breadcrumb\":{\"@id\":\"https:\/\/lomenak.com\/en\/construction-department\/#breadcrumb\"},\"inLanguage\":\"en-US\",\"potentialAction\":[{\"@type\":\"ReadAction\",\"target\":[\"https:\/\/lomenak.com\/en\/construction-department\/\"]}]},{\"@type\":\"BreadcrumbList\",\"@id\":\"https:\/\/lomenak.com\/en\/construction-department\/#breadcrumb\",\"itemListElement\":[{\"@type\":\"ListItem\",\"position\":1,\"name\":\"Home\",\"item\":\"https:\/\/lomenak.com\/en\/home\/\"},{\"@type\":\"ListItem\",\"position\":2,\"name\":\"Construction department\"}]},{\"@type\":\"WebSite\",\"@id\":\"https:\/\/lomenak.com\/en\/#website\",\"url\":\"https:\/\/lomenak.com\/en\/\",\"name\":\"LOME\u00d1A\",\"description\":\"\",\"potentialAction\":[{\"@type\":\"SearchAction\",\"target\":{\"@type\":\"EntryPoint\",\"urlTemplate\":\"https:\/\/lomenak.com\/en\/?s={search_term_string}\"},\"query-input\":{\"@type\":\"PropertyValueSpecification\",\"valueRequired\":true,\"valueName\":\"search_term_string\"}}],\"inLanguage\":\"en-US\"}]}<\/script>\n<!-- \/ Yoast SEO plugin. -->","yoast_head_json":{"title":"Construction department - LOME\u00d1A","description":"Lome\u00f1a's Technical Department is the first point of direct contact with the customer and the place where our way of working begins.","robots":{"index":"noindex","follow":"follow","max-snippet":"max-snippet:-1","max-image-preview":"max-image-preview:large","max-video-preview":"max-video-preview:-1"},"og_locale":"en_US","og_type":"article","og_title":"Construction department - LOME\u00d1A","og_description":"Lome\u00f1a's Technical Department is the first point of direct contact with the customer and the place where our way of working begins.","og_url":"https:\/\/lomenak.com\/en\/construction-department\/","og_site_name":"LOME\u00d1A","article_modified_time":"2026-02-09T12:55:20+00:00","twitter_card":"summary_large_image","twitter_misc":{"Est. reading time":"1 minute"},"schema":{"@context":"https:\/\/schema.org","@graph":[{"@type":"WebPage","@id":"https:\/\/lomenak.com\/en\/construction-department\/","url":"https:\/\/lomenak.com\/en\/construction-department\/","name":"Construction department - LOME\u00d1A","isPartOf":{"@id":"https:\/\/lomenak.com\/en\/#website"},"datePublished":"2026-02-06T10:09:43+00:00","dateModified":"2026-02-09T12:55:20+00:00","description":"Lome\u00f1a's Technical Department is the first point of direct contact with the customer and the place where our way of working begins.","breadcrumb":{"@id":"https:\/\/lomenak.com\/en\/construction-department\/#breadcrumb"},"inLanguage":"en-US","potentialAction":[{"@type":"ReadAction","target":["https:\/\/lomenak.com\/en\/construction-department\/"]}]},{"@type":"BreadcrumbList","@id":"https:\/\/lomenak.com\/en\/construction-department\/#breadcrumb","itemListElement":[{"@type":"ListItem","position":1,"name":"Home","item":"https:\/\/lomenak.com\/en\/home\/"},{"@type":"ListItem","position":2,"name":"Construction department"}]},{"@type":"WebSite","@id":"https:\/\/lomenak.com\/en\/#website","url":"https:\/\/lomenak.com\/en\/","name":"LOME\u00d1A","description":"","potentialAction":[{"@type":"SearchAction","target":{"@type":"EntryPoint","urlTemplate":"https:\/\/lomenak.com\/en\/?s={search_term_string}"},"query-input":{"@type":"PropertyValueSpecification","valueRequired":true,"valueName":"search_term_string"}}],"inLanguage":"en-US"}]}},"_links":{"self":[{"href":"https:\/\/lomenak.com\/en\/wp-json\/wp\/v2\/pages\/4445","targetHints":{"allow":["GET"]}}],"collection":[{"href":"https:\/\/lomenak.com\/en\/wp-json\/wp\/v2\/pages"}],"about":[{"href":"https:\/\/lomenak.com\/en\/wp-json\/wp\/v2\/types\/page"}],"author":[{"embeddable":true,"href":"https:\/\/lomenak.com\/en\/wp-json\/wp\/v2\/users\/1"}],"replies":[{"embeddable":true,"href":"https:\/\/lomenak.com\/en\/wp-json\/wp\/v2\/comments?post=4445"}],"version-history":[{"count":0,"href":"https:\/\/lomenak.com\/en\/wp-json\/wp\/v2\/pages\/4445\/revisions"}],"wp:attachment":[{"href":"https:\/\/lomenak.com\/en\/wp-json\/wp\/v2\/media?parent=4445"}],"curies":[{"name":"wp","href":"https:\/\/api.w.org\/{rel}","templated":true}]}}