{"id":4028,"date":"2025-07-18T14:39:42","date_gmt":"2025-07-18T12:39:42","guid":{"rendered":"https:\/\/lomenak.com\/gure-historia\/"},"modified":"2026-02-02T17:36:36","modified_gmt":"2026-02-02T16:36:36","slug":"gure-historia","status":"publish","type":"page","link":"https:\/\/lomenak.com\/eu\/gure-historia\/","title":{"rendered":"Gure historia"},"content":{"rendered":"\t\t<div data-elementor-type=\"wp-page\" data-elementor-id=\"4028\" class=\"elementor elementor-4028 elementor-781\" data-elementor-post-type=\"page\">\n\t\t\t\t<div class=\"elementor-element elementor-element-e256ca2 ops-section e-flex e-con-boxed e-con e-parent\" data-id=\"e256ca2\" data-element_type=\"container\" data-settings=\"{&quot;background_background&quot;:&quot;classic&quot;,&quot;ekit_has_onepagescroll&quot;:&quot;section&quot;}\">\n\t\t\t\t\t<div class=\"e-con-inner\">\n\t\t\t\t\t<\/div>\n\t\t\t\t<\/div>\n\t\t<div class=\"elementor-element elementor-element-00ccdc7 e-flex e-con-boxed e-con e-parent\" data-id=\"00ccdc7\" data-element_type=\"container\" data-settings=\"{&quot;background_background&quot;:&quot;classic&quot;}\">\n\t\t\t\t\t<div class=\"e-con-inner\">\n\t\t\t\t<div class=\"elementor-element elementor-element-69459d8 elementor-widget elementor-widget-image\" data-id=\"69459d8\" data-element_type=\"widget\" data-widget_type=\"image.default\">\n\t\t\t\t<div class=\"elementor-widget-container\">\n\t\t\t\t\t\t\t\t\t\t\t\t\t\t\t<img decoding=\"async\" width=\"201\" height=\"224\" src=\"https:\/\/lomenak.com\/wp-content\/uploads\/2025\/07\/imagotipo-lomenak-white.svg\" class=\"attachment-large size-large wp-image-2455\" alt=\"\" \/>\t\t\t\t\t\t\t\t\t\t\t\t\t\t\t<\/div>\n\t\t\t\t<\/div>\n\t\t<div class=\"elementor-element elementor-element-c66f9dd e-con-full e-flex e-con e-child\" data-id=\"c66f9dd\" data-element_type=\"container\">\n\t\t<div class=\"elementor-element elementor-element-c036713 e-con-full e-flex e-con e-child\" data-id=\"c036713\" data-element_type=\"container\">\n\t\t<div class=\"elementor-element elementor-element-666a059 e-con-full e-flex e-con e-child\" data-id=\"666a059\" data-element_type=\"container\">\n\t\t<div class=\"elementor-element elementor-element-bc7f503 e-con-full e-flex e-con e-child\" data-id=\"bc7f503\" data-element_type=\"container\" data-settings=\"{&quot;background_background&quot;:&quot;classic&quot;}\">\n\t\t\t\t<div class=\"elementor-element elementor-element-9dec2e8 elementor-widget__width-initial elementor-widget elementor-widget-heading\" data-id=\"9dec2e8\" data-element_type=\"widget\" data-widget_type=\"heading.default\">\n\t\t\t\t<div class=\"elementor-widget-container\">\n\t\t\t\t\t<div class=\"elementor-heading-title elementor-size-default\">Lome\u00f1a<\/div>\t\t\t\t<\/div>\n\t\t\t\t<\/div>\n\t\t\t\t<\/div>\n\t\t\t\t<\/div>\n\t\t\t\t<div class=\"elementor-element elementor-element-1d8f3a3 elementor-widget elementor-widget-heading\" data-id=\"1d8f3a3\" data-element_type=\"widget\" data-widget_type=\"heading.default\">\n\t\t\t\t<div class=\"elementor-widget-container\">\n\t\t\t\t\t<h1 class=\"elementor-heading-title elementor-size-default\">Gure historia<\/h1>\t\t\t\t<\/div>\n\t\t\t\t<\/div>\n\t\t\t\t<\/div>\n\t\t\t\t<div class=\"elementor-element elementor-element-f41bde1 elementor-widget elementor-widget-text-editor\" data-id=\"f41bde1\" data-element_type=\"widget\" data-widget_type=\"text-editor.default\">\n\t\t\t\t<div class=\"elementor-widget-container\">\n\t\t\t\t\t\t\t\t\t<p>Bokazioz, 1999an, Gorka pintorea gisa hasi zen lanean udan, maisu onenarekin batera: bere aita, Francisco. Elkarrekin, obra ugari pintatzen dituzte Donostia hirian eta Gipuzkoa osoan (kilometro asko eginez obra bakoitzera iristeko, eskualdea deskubritzen duten bitartean).<br>Aitarekin batera lortutako esperientziarekin eta ogibide honetarako zaletasunarekin, Gorkak 2007an bere enpresa propioa sortzea erabaki zuen.<br>Urte batzuk geroago, bere aita kontratatu, berarekin berriro lan egin eta erretiroa prestatzen laguntzeko aukera izan zuen: bere ametsetako bat egia bihurtua!<br>Geroago, I\u00f1igo anaia bikiak enpresarekin bat egin zuen. Elkarrekin, hirurek enpresa hazten lagundu dute, bakoitzak bere konpromisoa emanez.  <\/p>\t\t\t\t\t\t\t\t<\/div>\n\t\t\t\t<\/div>\n\t\t\t\t<\/div>\n\t\t\t\t\t<\/div>\n\t\t\t\t<\/div>\n\t\t<div class=\"elementor-element elementor-element-a6d675d e-flex e-con-boxed e-con e-parent\" data-id=\"a6d675d\" data-element_type=\"container\" data-settings=\"{&quot;background_background&quot;:&quot;classic&quot;}\">\n\t\t\t\t\t<div class=\"e-con-inner\">\n\t\t\t\t<div class=\"elementor-element elementor-element-91b611a elementor-widget elementor-widget-heading\" data-id=\"91b611a\" data-element_type=\"widget\" data-widget_type=\"heading.default\">\n\t\t\t\t<div class=\"elementor-widget-container\">\n\t\t\t\t\t<h2 class=\"elementor-heading-title elementor-size-default\">Enpresaren bilakaera<\/h2>\t\t\t\t<\/div>\n\t\t\t\t<\/div>\n\t\t\t\t<div class=\"elementor-element elementor-element-3af6b8e elementor-widget elementor-widget-text-editor\" data-id=\"3af6b8e\" data-element_type=\"widget\" data-widget_type=\"text-editor.default\">\n\t\t\t\t<div class=\"elementor-widget-container\">\n\t\t\t\t\t\t\t\t\t<p>Pixkanaka, familia-enpresa hori garatzen eta indartzen ari da. Hainbat pintore, igeltsero, arotz&#8230; eta ekipo sendo bat bulegoan integratuta hazi da taldea.<br>Gorkak beti pentsatu izan du ondo kudeatutako enpresa batek, talde konprometitu eta ondo tratatuarekin, emaitza bikainak lor ditzakeela. Gure helburua argia eta zehaztua izan da hasieratik: onenak izatea, ez handienak!  <br>Bezero batzuek aldamioen prezioa handia zela adierazi zioten Gorkari. Oso azkar, Gorkak bere materiala erosteko erabakia hartu zuen, alokatu behar ez izateko eta lehiakorragoa izateko. <\/p>\t\t\t\t\t\t\t\t<\/div>\n\t\t\t\t<\/div>\n\t\t\t\t\t<\/div>\n\t\t\t\t<\/div>\n\t\t<div class=\"elementor-element elementor-element-185e6d7 e-flex e-con-boxed e-con e-parent\" data-id=\"185e6d7\" data-element_type=\"container\" data-settings=\"{&quot;background_background&quot;:&quot;classic&quot;}\">\n\t\t\t\t\t<div class=\"e-con-inner\">\n\t\t\t\t<div class=\"elementor-element elementor-element-2a3ea8f elementor-widget elementor-widget-heading\" data-id=\"2a3ea8f\" data-element_type=\"widget\" data-widget_type=\"heading.default\">\n\t\t\t\t<div class=\"elementor-widget-container\">\n\t\t\t\t\t<h2 class=\"elementor-heading-title elementor-size-default\">Gure taldea<\/h2>\t\t\t\t<\/div>\n\t\t\t\t<\/div>\n\t\t\t\t<div class=\"elementor-element elementor-element-2d06377 elementor-widget elementor-widget-text-editor\" data-id=\"2d06377\" data-element_type=\"widget\" data-widget_type=\"text-editor.default\">\n\t\t\t\t<div class=\"elementor-widget-container\">\n\t\t\t\t\t\t\t\t\t<p>Bezeroaren lehen telefono-deiarekin hasten da dena. Oso garrantzitsua da teknikari eta kontulari onak izatea. FGIn, kalitatezko taldea dugu.<br>Gurekin lan egiteko, ezinbestekoa da pertsona ona izatea. Beharrezkoa da, halaber, lankide ona eta langile arduratsua izatea. Lan-giro on batek emaitza onak ekartzen ditu.<br>Gure profesional-taldeak merkatuko produkturik onenak ezagutu eta erabiltzen ditu, baita teknikarik onenak ere, une oro gure bezeroen gogobetetasuna bermatzeko. Gure akaberen kalitatea eta gure proiektu bakoitzaren garapenaren eraginkortasuna dira gure bezeroek beren etxeetan lan egiteko aukeratzen gaituzten arrazoi nagusiak.<br>Urtean 100 obra inguru eginez, irrealista litzateke dena perfektua eta akatsik gabea izatea.<br>Jakina, batzuetan akatsak egiten ditugu. Ohikoa ez bada ere, gertatzen da. Gure ustez, garrantzitsuena akatsa onartzea da, konpontzea eta, jakina, egoeratik ikastea.       <\/p>\t\t\t\t\t\t\t\t<\/div>\n\t\t\t\t<\/div>\n\t\t\t\t\t<\/div>\n\t\t\t\t<\/div>\n\t\t<div class=\"elementor-element elementor-element-99744d0 e-con-full e-flex e-con e-parent\" data-id=\"99744d0\" data-element_type=\"container\">\n\t\t<div class=\"elementor-element elementor-element-84bea8e e-con-full e-flex e-con e-child\" data-id=\"84bea8e\" data-element_type=\"container\" data-settings=\"{&quot;background_background&quot;:&quot;video&quot;,&quot;background_video_link&quot;:&quot;https:\\\/\\\/lomenak.com\\\/wp-content\\\/uploads\\\/2025\\\/07\\\/presentacion_lomena.mp4&quot;,&quot;background_play_on_mobile&quot;:&quot;yes&quot;}\">\n\t\t<div class=\"elementor-background-video-container\" aria-hidden=\"true\">\n\t\t\t\t\t\t\t<video class=\"elementor-background-video-hosted\" autoplay muted playsinline loop><\/video>\n\t\t\t\t\t<\/div>\t\t<\/div>\n\t\t<div class=\"elementor-element elementor-element-6380997 e-con-full e-transform e-flex e-con e-child\" data-id=\"6380997\" data-element_type=\"container\" data-settings=\"{&quot;background_background&quot;:&quot;classic&quot;,&quot;_transform_translateX_effect&quot;:{&quot;unit&quot;:&quot;px&quot;,&quot;size&quot;:&quot;&quot;,&quot;sizes&quot;:[]},&quot;_transform_translateX_effect_widescreen&quot;:{&quot;unit&quot;:&quot;px&quot;,&quot;size&quot;:&quot;&quot;,&quot;sizes&quot;:[]},&quot;_transform_translateX_effect_tablet&quot;:{&quot;unit&quot;:&quot;px&quot;,&quot;size&quot;:&quot;&quot;,&quot;sizes&quot;:[]},&quot;_transform_translateX_effect_mobile&quot;:{&quot;unit&quot;:&quot;px&quot;,&quot;size&quot;:&quot;&quot;,&quot;sizes&quot;:[]},&quot;_transform_translateY_effect&quot;:{&quot;unit&quot;:&quot;px&quot;,&quot;size&quot;:&quot;&quot;,&quot;sizes&quot;:[]},&quot;_transform_translateY_effect_widescreen&quot;:{&quot;unit&quot;:&quot;px&quot;,&quot;size&quot;:&quot;&quot;,&quot;sizes&quot;:[]},&quot;_transform_translateY_effect_tablet&quot;:{&quot;unit&quot;:&quot;px&quot;,&quot;size&quot;:&quot;&quot;,&quot;sizes&quot;:[]},&quot;_transform_translateY_effect_mobile&quot;:{&quot;unit&quot;:&quot;px&quot;,&quot;size&quot;:&quot;&quot;,&quot;sizes&quot;:[]}}\">\n\t\t\t\t<div class=\"elementor-element elementor-element-16b15c4 elementor-widget elementor-widget-heading\" data-id=\"16b15c4\" data-element_type=\"widget\" data-widget_type=\"heading.default\">\n\t\t\t\t<div class=\"elementor-widget-container\">\n\t\t\t\t\t<div class=\"elementor-heading-title elementor-size-default\">Laburbilduz...<\/div>\t\t\t\t<\/div>\n\t\t\t\t<\/div>\n\t\t\t\t<div class=\"elementor-element elementor-element-1cb21b2 elementor-widget__width-inherit elementor-widget elementor-widget-text-editor\" data-id=\"1cb21b2\" data-element_type=\"widget\" data-widget_type=\"text-editor.default\">\n\t\t\t\t<div class=\"elementor-widget-container\">\n\t\t\t\t\t\t\t\t\t<p>FGI Lome\u00f1a: apartekoaren jatorria; lan bikaina egiten du eta, denborarekin, ondo egindako lanarekiko grina eta maitasuna transmititu die bere taldeei.<br>Lome\u00f1an, edertasun ororen arrazoia aukeratutako eta erabilitako materialetan datzala uste dugu. Gure filosofia gure taldearen profesionaltasunean oinarritzen da.<br>Irunen du egoitza, 25 urteko esperientzia eta 17 urte ditu enpresa gisa. Bere arretagatik, zerbitzuagatik eta Iparraldean eta Gipuzkoan egindako proiektuen kalitateagatik aintzatesten da.<br>Iraupen luzeko errehabilitazioan espezializatuta dago enpresa. Lome\u00f1ak arrakasta bermatzen du bere obra guztietan.<br>Egin ditugun proiektuak ezagutzera gonbidatzen ditugu, apustu segurua garela egiaztatzeko.  <\/p>\t\t\t\t\t\t\t\t<\/div>\n\t\t\t\t<\/div>\n\t\t\t\t<\/div>\n\t\t\t\t<\/div>\n\t\t\t\t<\/div>\n\t\t","protected":false},"excerpt":{"rendered":"<p>Lome\u00f1a Gure historia Bokazioz, 1999an, Gorka pintorea gisa hasi zen lanean udan, maisu onenarekin batera: bere aita, Francisco. Elkarrekin, obra ugari pintatzen dituzte Donostia hirian eta Gipuzkoa osoan (kilometro asko eginez obra bakoitzera iristeko, eskualdea deskubritzen duten bitartean).Aitarekin batera lortutako esperientziarekin eta ogibide honetarako zaletasunarekin, Gorkak 2007an bere enpresa propioa sortzea erabaki zuen.Urte batzuk geroago, [&hellip;]<\/p>\n","protected":false},"author":1,"featured_media":0,"parent":0,"menu_order":0,"comment_status":"closed","ping_status":"closed","template":"elementor_header_footer","meta":{"footnotes":""},"class_list":["post-4028","page","type-page","status-publish","hentry"],"yoast_head":"<!-- This site is optimized with the Yoast SEO plugin v26.6 - https:\/\/yoast.com\/wordpress\/plugins\/seo\/ -->\n<title>Gure historia - LOME\u00d1A<\/title>\n<meta name=\"description\" content=\"Lome\u00f1a tiene su sede en Ir\u00fan, con 25 a\u00f1os de experiencia y 17 a\u00f1os como empresa, la empresa es reconocida por su atenci\u00f3n, su servicio y la calidad de sus diversos proyectos realizados en Iparralde y Gipuzkoa.\" \/>\n<meta name=\"robots\" content=\"noindex, follow, max-snippet:-1, max-image-preview:large, max-video-preview:-1\" \/>\n<meta property=\"og:locale\" content=\"eu_ES\" \/>\n<meta property=\"og:type\" content=\"article\" \/>\n<meta property=\"og:title\" content=\"Gure historia - LOME\u00d1A\" \/>\n<meta property=\"og:description\" content=\"Lome\u00f1a tiene su sede en Ir\u00fan, con 25 a\u00f1os de experiencia y 17 a\u00f1os como empresa, la empresa es reconocida por su atenci\u00f3n, su servicio y la calidad de sus diversos proyectos realizados en Iparralde y Gipuzkoa.\" \/>\n<meta property=\"og:url\" content=\"https:\/\/lomenak.com\/eu\/gure-historia\/\" \/>\n<meta property=\"og:site_name\" content=\"LOME\u00d1A\" \/>\n<meta property=\"article:modified_time\" content=\"2026-02-02T16:36:36+00:00\" \/>\n<meta name=\"twitter:card\" content=\"summary_large_image\" \/>\n<meta name=\"twitter:label1\" content=\"Est. reading time\" \/>\n\t<meta name=\"twitter:data1\" content=\"2 minutes\" \/>\n<script type=\"application\/ld+json\" class=\"yoast-schema-graph\">{\"@context\":\"https:\/\/schema.org\",\"@graph\":[{\"@type\":\"WebPage\",\"@id\":\"https:\/\/lomenak.com\/eu\/gure-historia\/\",\"url\":\"https:\/\/lomenak.com\/eu\/gure-historia\/\",\"name\":\"Gure historia - LOME\u00d1A\",\"isPartOf\":{\"@id\":\"https:\/\/lomenak.com\/eu\/#website\"},\"primaryImageOfPage\":{\"@id\":\"https:\/\/lomenak.com\/eu\/gure-historia\/#primaryimage\"},\"image\":{\"@id\":\"https:\/\/lomenak.com\/eu\/gure-historia\/#primaryimage\"},\"thumbnailUrl\":\"https:\/\/lomenak.com\/wp-content\/uploads\/2025\/07\/imagotipo-lomenak-white.svg\",\"datePublished\":\"2025-07-18T12:39:42+00:00\",\"dateModified\":\"2026-02-02T16:36:36+00:00\",\"description\":\"Lome\u00f1a tiene su sede en Ir\u00fan, con 25 a\u00f1os de experiencia y 17 a\u00f1os como empresa, la empresa es reconocida por su atenci\u00f3n, su servicio y la calidad de sus diversos proyectos realizados en Iparralde y Gipuzkoa.\",\"breadcrumb\":{\"@id\":\"https:\/\/lomenak.com\/eu\/gure-historia\/#breadcrumb\"},\"inLanguage\":\"eu-ES\",\"potentialAction\":[{\"@type\":\"ReadAction\",\"target\":[\"https:\/\/lomenak.com\/eu\/gure-historia\/\"]}]},{\"@type\":\"ImageObject\",\"inLanguage\":\"eu-ES\",\"@id\":\"https:\/\/lomenak.com\/eu\/gure-historia\/#primaryimage\",\"url\":\"https:\/\/lomenak.com\/wp-content\/uploads\/2025\/07\/imagotipo-lomenak-white.svg\",\"contentUrl\":\"https:\/\/lomenak.com\/wp-content\/uploads\/2025\/07\/imagotipo-lomenak-white.svg\"},{\"@type\":\"BreadcrumbList\",\"@id\":\"https:\/\/lomenak.com\/eu\/gure-historia\/#breadcrumb\",\"itemListElement\":[{\"@type\":\"ListItem\",\"position\":1,\"name\":\"Home\",\"item\":\"https:\/\/lomenak.com\/eu\/hasiera\/\"},{\"@type\":\"ListItem\",\"position\":2,\"name\":\"Gure historia\"}]},{\"@type\":\"WebSite\",\"@id\":\"https:\/\/lomenak.com\/eu\/#website\",\"url\":\"https:\/\/lomenak.com\/eu\/\",\"name\":\"LOME\u00d1A\",\"description\":\"\",\"potentialAction\":[{\"@type\":\"SearchAction\",\"target\":{\"@type\":\"EntryPoint\",\"urlTemplate\":\"https:\/\/lomenak.com\/eu\/?s={search_term_string}\"},\"query-input\":{\"@type\":\"PropertyValueSpecification\",\"valueRequired\":true,\"valueName\":\"search_term_string\"}}],\"inLanguage\":\"eu-ES\"}]}<\/script>\n<!-- \/ Yoast SEO plugin. -->","yoast_head_json":{"title":"Gure historia - LOME\u00d1A","description":"Lome\u00f1a tiene su sede en Ir\u00fan, con 25 a\u00f1os de experiencia y 17 a\u00f1os como empresa, la empresa es reconocida por su atenci\u00f3n, su servicio y la calidad de sus diversos proyectos realizados en Iparralde y Gipuzkoa.","robots":{"index":"noindex","follow":"follow","max-snippet":"max-snippet:-1","max-image-preview":"max-image-preview:large","max-video-preview":"max-video-preview:-1"},"og_locale":"eu_ES","og_type":"article","og_title":"Gure historia - LOME\u00d1A","og_description":"Lome\u00f1a tiene su sede en Ir\u00fan, con 25 a\u00f1os de experiencia y 17 a\u00f1os como empresa, la empresa es reconocida por su atenci\u00f3n, su servicio y la calidad de sus diversos proyectos realizados en Iparralde y Gipuzkoa.","og_url":"https:\/\/lomenak.com\/eu\/gure-historia\/","og_site_name":"LOME\u00d1A","article_modified_time":"2026-02-02T16:36:36+00:00","twitter_card":"summary_large_image","twitter_misc":{"Est. reading time":"2 minutes"},"schema":{"@context":"https:\/\/schema.org","@graph":[{"@type":"WebPage","@id":"https:\/\/lomenak.com\/eu\/gure-historia\/","url":"https:\/\/lomenak.com\/eu\/gure-historia\/","name":"Gure historia - LOME\u00d1A","isPartOf":{"@id":"https:\/\/lomenak.com\/eu\/#website"},"primaryImageOfPage":{"@id":"https:\/\/lomenak.com\/eu\/gure-historia\/#primaryimage"},"image":{"@id":"https:\/\/lomenak.com\/eu\/gure-historia\/#primaryimage"},"thumbnailUrl":"https:\/\/lomenak.com\/wp-content\/uploads\/2025\/07\/imagotipo-lomenak-white.svg","datePublished":"2025-07-18T12:39:42+00:00","dateModified":"2026-02-02T16:36:36+00:00","description":"Lome\u00f1a tiene su sede en Ir\u00fan, con 25 a\u00f1os de experiencia y 17 a\u00f1os como empresa, la empresa es reconocida por su atenci\u00f3n, su servicio y la calidad de sus diversos proyectos realizados en Iparralde y Gipuzkoa.","breadcrumb":{"@id":"https:\/\/lomenak.com\/eu\/gure-historia\/#breadcrumb"},"inLanguage":"eu-ES","potentialAction":[{"@type":"ReadAction","target":["https:\/\/lomenak.com\/eu\/gure-historia\/"]}]},{"@type":"ImageObject","inLanguage":"eu-ES","@id":"https:\/\/lomenak.com\/eu\/gure-historia\/#primaryimage","url":"https:\/\/lomenak.com\/wp-content\/uploads\/2025\/07\/imagotipo-lomenak-white.svg","contentUrl":"https:\/\/lomenak.com\/wp-content\/uploads\/2025\/07\/imagotipo-lomenak-white.svg"},{"@type":"BreadcrumbList","@id":"https:\/\/lomenak.com\/eu\/gure-historia\/#breadcrumb","itemListElement":[{"@type":"ListItem","position":1,"name":"Home","item":"https:\/\/lomenak.com\/eu\/hasiera\/"},{"@type":"ListItem","position":2,"name":"Gure historia"}]},{"@type":"WebSite","@id":"https:\/\/lomenak.com\/eu\/#website","url":"https:\/\/lomenak.com\/eu\/","name":"LOME\u00d1A","description":"","potentialAction":[{"@type":"SearchAction","target":{"@type":"EntryPoint","urlTemplate":"https:\/\/lomenak.com\/eu\/?s={search_term_string}"},"query-input":{"@type":"PropertyValueSpecification","valueRequired":true,"valueName":"search_term_string"}}],"inLanguage":"eu-ES"}]}},"_links":{"self":[{"href":"https:\/\/lomenak.com\/eu\/wp-json\/wp\/v2\/pages\/4028","targetHints":{"allow":["GET"]}}],"collection":[{"href":"https:\/\/lomenak.com\/eu\/wp-json\/wp\/v2\/pages"}],"about":[{"href":"https:\/\/lomenak.com\/eu\/wp-json\/wp\/v2\/types\/page"}],"author":[{"embeddable":true,"href":"https:\/\/lomenak.com\/eu\/wp-json\/wp\/v2\/users\/1"}],"replies":[{"embeddable":true,"href":"https:\/\/lomenak.com\/eu\/wp-json\/wp\/v2\/comments?post=4028"}],"version-history":[{"count":0,"href":"https:\/\/lomenak.com\/eu\/wp-json\/wp\/v2\/pages\/4028\/revisions"}],"wp:attachment":[{"href":"https:\/\/lomenak.com\/eu\/wp-json\/wp\/v2\/media?parent=4028"}],"curies":[{"name":"wp","href":"https:\/\/api.w.org\/{rel}","templated":true}]}}