{"id":2642,"date":"2025-07-18T14:39:42","date_gmt":"2025-07-18T12:39:42","guid":{"rendered":"https:\/\/lomenak.com\/notre-histoire\/"},"modified":"2026-02-02T18:10:25","modified_gmt":"2026-02-02T17:10:25","slug":"notre-histoire","status":"publish","type":"page","link":"https:\/\/lomenak.com\/fr\/notre-histoire\/","title":{"rendered":"Notre histoire"},"content":{"rendered":"\t\t<div data-elementor-type=\"wp-page\" data-elementor-id=\"2642\" class=\"elementor elementor-2642 elementor-781\" data-elementor-post-type=\"page\">\n\t\t\t\t<div class=\"elementor-element elementor-element-e256ca2 ops-section e-flex e-con-boxed e-con e-parent\" data-id=\"e256ca2\" data-element_type=\"container\" data-settings=\"{&quot;background_background&quot;:&quot;classic&quot;,&quot;ekit_has_onepagescroll&quot;:&quot;section&quot;}\">\n\t\t\t\t\t<div class=\"e-con-inner\">\n\t\t\t\t\t<\/div>\n\t\t\t\t<\/div>\n\t\t<div class=\"elementor-element elementor-element-00ccdc7 e-flex e-con-boxed e-con e-parent\" data-id=\"00ccdc7\" data-element_type=\"container\" data-settings=\"{&quot;background_background&quot;:&quot;classic&quot;}\">\n\t\t\t\t\t<div class=\"e-con-inner\">\n\t\t\t\t<div class=\"elementor-element elementor-element-69459d8 elementor-widget elementor-widget-image\" data-id=\"69459d8\" data-element_type=\"widget\" data-widget_type=\"image.default\">\n\t\t\t\t<div class=\"elementor-widget-container\">\n\t\t\t\t\t\t\t\t\t\t\t\t\t\t\t<img decoding=\"async\" width=\"201\" height=\"224\" src=\"https:\/\/lomenak.com\/wp-content\/uploads\/2025\/07\/imagotipo-lomenak-white.svg\" class=\"attachment-large size-large wp-image-2457\" alt=\"\" \/>\t\t\t\t\t\t\t\t\t\t\t\t\t\t\t<\/div>\n\t\t\t\t<\/div>\n\t\t<div class=\"elementor-element elementor-element-c66f9dd e-con-full e-flex e-con e-child\" data-id=\"c66f9dd\" data-element_type=\"container\">\n\t\t<div class=\"elementor-element elementor-element-c036713 e-con-full e-flex e-con e-child\" data-id=\"c036713\" data-element_type=\"container\">\n\t\t<div class=\"elementor-element elementor-element-666a059 e-con-full e-flex e-con e-child\" data-id=\"666a059\" data-element_type=\"container\">\n\t\t<div class=\"elementor-element elementor-element-bc7f503 e-con-full e-flex e-con e-child\" data-id=\"bc7f503\" data-element_type=\"container\" data-settings=\"{&quot;background_background&quot;:&quot;classic&quot;}\">\n\t\t\t\t<div class=\"elementor-element elementor-element-9dec2e8 elementor-widget__width-initial elementor-widget elementor-widget-heading\" data-id=\"9dec2e8\" data-element_type=\"widget\" data-widget_type=\"heading.default\">\n\t\t\t\t<div class=\"elementor-widget-container\">\n\t\t\t\t\t<div class=\"elementor-heading-title elementor-size-default\">Lome\u00f1a<\/div>\t\t\t\t<\/div>\n\t\t\t\t<\/div>\n\t\t\t\t<\/div>\n\t\t\t\t<\/div>\n\t\t\t\t<div class=\"elementor-element elementor-element-1d8f3a3 elementor-widget elementor-widget-heading\" data-id=\"1d8f3a3\" data-element_type=\"widget\" data-widget_type=\"heading.default\">\n\t\t\t\t<div class=\"elementor-widget-container\">\n\t\t\t\t\t<h1 class=\"elementor-heading-title elementor-size-default\">Notre histoire<\/h1>\t\t\t\t<\/div>\n\t\t\t\t<\/div>\n\t\t\t\t<\/div>\n\t\t\t\t<div class=\"elementor-element elementor-element-f41bde1 elementor-widget elementor-widget-text-editor\" data-id=\"f41bde1\" data-element_type=\"widget\" data-widget_type=\"text-editor.default\">\n\t\t\t\t<div class=\"elementor-widget-container\">\n\t\t\t\t\t\t\t\t\t<p>Par vocation, en 1999, Gorka commence \u00e0 travailler l\u2019\u00e9t\u00e9 comme peintres aux c\u00f4t\u00e9s du meilleur ma\u00eetre: son p\u00e8re, Francisco. Ensemble, ils peignent de nombreux chantiers dans la ville de San Sebasti\u00e1n et dans tout Gipuzkoa (parcourant de nombreux kilom\u00e8tres pour se rendre sur chaque chantier tout en d\u00e9couvrant la r\u00e9gion).<br>Fort de l\u2019exp\u00e9rience acquise aupr\u00e8s de son p\u00e8re et passionn\u00e9 par ce m\u00e9tier, Gorka d\u00e9cide, en 2007, de fonder sa propre entreprise.<br>Quelques ann\u00e9es plus tard, il a la chance d\u2019embaucher son p\u00e8re, de retravailler avec lui et de l\u2019aider \u00e0 pr\u00e9parer sa retraite : un de ses r\u00eaves r\u00e9alis\u00e9!<br>Par la suite, son fr\u00e8re jumeau I\u00f1igo rejoint l\u2019entreprise. Ensemble, tous les trois font grandir l\u2019entreprise, en y investissant chacun leur engagement.  <\/p>\t\t\t\t\t\t\t\t<\/div>\n\t\t\t\t<\/div>\n\t\t\t\t<\/div>\n\t\t\t\t\t<\/div>\n\t\t\t\t<\/div>\n\t\t<div class=\"elementor-element elementor-element-a6d675d e-flex e-con-boxed e-con e-parent\" data-id=\"a6d675d\" data-element_type=\"container\" data-settings=\"{&quot;background_background&quot;:&quot;classic&quot;}\">\n\t\t\t\t\t<div class=\"e-con-inner\">\n\t\t\t\t<div class=\"elementor-element elementor-element-91b611a elementor-widget elementor-widget-heading\" data-id=\"91b611a\" data-element_type=\"widget\" data-widget_type=\"heading.default\">\n\t\t\t\t<div class=\"elementor-widget-container\">\n\t\t\t\t\t<h2 class=\"elementor-heading-title elementor-size-default\">L\u2019\u00e9volution de l\u2019entreprise<\/h2>\t\t\t\t<\/div>\n\t\t\t\t<\/div>\n\t\t\t\t<div class=\"elementor-element elementor-element-3af6b8e elementor-widget elementor-widget-text-editor\" data-id=\"3af6b8e\" data-element_type=\"widget\" data-widget_type=\"text-editor.default\">\n\t\t\t\t<div class=\"elementor-widget-container\">\n\t\t\t\t\t\t\t\t\t<p>Petit \u00e0 petit, cette entreprise familiale \u00e9volue et se renforce. L\u2019\u00e9quipe s\u2019est agrandie avec l\u2019int\u00e9gration de plusieurs peintres, ma\u00e7ons, menuisiers\u2026 et une \u00e9quipe solide au bureau.<br>Gorka a toujours pens\u00e9 qu\u2019une entreprise bien g\u00e9r\u00e9e, avec une \u00e9quipe engag\u00e9e et bien trait\u00e9e, pouvait obtenir d\u2019excellents r\u00e9sultats. Notre objectif est clair et d\u00e9fini depuis le d\u00e9but : \u00eatre les meilleurs, pas les plus grands!  <br>Certains clients ont fait remarquer \u00e0 Gorka que le prix des \u00e9chafaudages \u00e9tait \u00e9lev\u00e9.<br>Tr\u00e8s rapidement, Gorka a pris la d\u00e9cision d\u2019acheter son propre mat\u00e9riel afin de ne plus avoir besoin de louer et, ainsi, \u00eatre plus comp\u00e9titif. <\/p>\t\t\t\t\t\t\t\t<\/div>\n\t\t\t\t<\/div>\n\t\t\t\t\t<\/div>\n\t\t\t\t<\/div>\n\t\t<div class=\"elementor-element elementor-element-185e6d7 e-flex e-con-boxed e-con e-parent\" data-id=\"185e6d7\" data-element_type=\"container\" data-settings=\"{&quot;background_background&quot;:&quot;classic&quot;}\">\n\t\t\t\t\t<div class=\"e-con-inner\">\n\t\t\t\t<div class=\"elementor-element elementor-element-2a3ea8f elementor-widget elementor-widget-heading\" data-id=\"2a3ea8f\" data-element_type=\"widget\" data-widget_type=\"heading.default\">\n\t\t\t\t<div class=\"elementor-widget-container\">\n\t\t\t\t\t<h2 class=\"elementor-heading-title elementor-size-default\">Notre \u00e9quipe<\/h2>\t\t\t\t<\/div>\n\t\t\t\t<\/div>\n\t\t\t\t<div class=\"elementor-element elementor-element-2d06377 elementor-widget elementor-widget-text-editor\" data-id=\"2d06377\" data-element_type=\"widget\" data-widget_type=\"text-editor.default\">\n\t\t\t\t<div class=\"elementor-widget-container\">\n\t\t\t\t\t\t\t\t\t<p>Tout commence avec le premier appel t\u00e9l\u00e9phonique du client. Il est tr\u00e8s important d\u2019avoir de bons techniciens et de bons comptables. Chez FGI, nous avons une \u00e9quipe de qualit\u00e9.<br>Pour travailler avec nous, \u00eatre une bonne personne est imp\u00e9ratif. Il faut aussi \u00eatre un bon coll\u00e8gue et un travailleur acharn\u00e9. Une bonne ambiance de travail se traduit par de bons r\u00e9sultats.<br>Notre \u00e9quipe de professionnels conna\u00eet et utilise les meilleurs produits du march\u00e9 ainsi que les meilleures techniques pour garantir, \u00e0 tout moment, la satisfaction de nos clients. La qualit\u00e9 de nos finitions et l\u2019efficacit\u00e9 dans le d\u00e9veloppement de chacun de nos projets sont les principales raisons pour lesquelles nos clients nous choisissent pour travailler sur leur maison.<br>En r\u00e9alisant environ 100 chantiers par an, il serait irr\u00e9aliste de pr\u00e9tendre \u00e0 la perfection sans aucune erreur.<br>Bien s\u00fbr, il nous arrive parfois de faire des erreurs. M\u00eame si cela reste rare, cela arrive. \u00c0 notre avis, l\u2019important est de reconna\u00eetre l\u2019erreur, de la r\u00e9soudre et, bien s\u00fbr, d\u2019en tirer des le\u00e7ons.       <\/p>\t\t\t\t\t\t\t\t<\/div>\n\t\t\t\t<\/div>\n\t\t\t\t\t<\/div>\n\t\t\t\t<\/div>\n\t\t<div class=\"elementor-element elementor-element-99744d0 e-con-full e-flex e-con e-parent\" data-id=\"99744d0\" data-element_type=\"container\">\n\t\t<div class=\"elementor-element elementor-element-84bea8e e-con-full e-flex e-con e-child\" data-id=\"84bea8e\" data-element_type=\"container\" data-settings=\"{&quot;background_background&quot;:&quot;video&quot;,&quot;background_video_link&quot;:&quot;https:\\\/\\\/lomenak.com\\\/wp-content\\\/uploads\\\/2025\\\/07\\\/presentacion_lomena.mp4&quot;,&quot;background_play_on_mobile&quot;:&quot;yes&quot;}\">\n\t\t<div class=\"elementor-background-video-container\" aria-hidden=\"true\">\n\t\t\t\t\t\t\t<video class=\"elementor-background-video-hosted\" autoplay muted playsinline loop><\/video>\n\t\t\t\t\t<\/div>\t\t<\/div>\n\t\t<div class=\"elementor-element elementor-element-6380997 e-con-full e-transform e-flex e-con e-child\" data-id=\"6380997\" data-element_type=\"container\" data-settings=\"{&quot;background_background&quot;:&quot;classic&quot;,&quot;_transform_translateX_effect&quot;:{&quot;unit&quot;:&quot;px&quot;,&quot;size&quot;:&quot;&quot;,&quot;sizes&quot;:[]},&quot;_transform_translateX_effect_widescreen&quot;:{&quot;unit&quot;:&quot;px&quot;,&quot;size&quot;:&quot;&quot;,&quot;sizes&quot;:[]},&quot;_transform_translateX_effect_tablet&quot;:{&quot;unit&quot;:&quot;px&quot;,&quot;size&quot;:&quot;&quot;,&quot;sizes&quot;:[]},&quot;_transform_translateX_effect_mobile&quot;:{&quot;unit&quot;:&quot;px&quot;,&quot;size&quot;:&quot;&quot;,&quot;sizes&quot;:[]},&quot;_transform_translateY_effect&quot;:{&quot;unit&quot;:&quot;px&quot;,&quot;size&quot;:&quot;&quot;,&quot;sizes&quot;:[]},&quot;_transform_translateY_effect_widescreen&quot;:{&quot;unit&quot;:&quot;px&quot;,&quot;size&quot;:&quot;&quot;,&quot;sizes&quot;:[]},&quot;_transform_translateY_effect_tablet&quot;:{&quot;unit&quot;:&quot;px&quot;,&quot;size&quot;:&quot;&quot;,&quot;sizes&quot;:[]},&quot;_transform_translateY_effect_mobile&quot;:{&quot;unit&quot;:&quot;px&quot;,&quot;size&quot;:&quot;&quot;,&quot;sizes&quot;:[]}}\">\n\t\t\t\t<div class=\"elementor-element elementor-element-16b15c4 elementor-widget elementor-widget-heading\" data-id=\"16b15c4\" data-element_type=\"widget\" data-widget_type=\"heading.default\">\n\t\t\t\t<div class=\"elementor-widget-container\">\n\t\t\t\t\t<div class=\"elementor-heading-title elementor-size-default\">En r\u00e9sum\u00e9...<\/div>\t\t\t\t<\/div>\n\t\t\t\t<\/div>\n\t\t\t\t<div class=\"elementor-element elementor-element-1cb21b2 elementor-widget__width-inherit elementor-widget elementor-widget-text-editor\" data-id=\"1cb21b2\" data-element_type=\"widget\" data-widget_type=\"text-editor.default\">\n\t\t\t\t<div class=\"elementor-widget-container\">\n\t\t\t\t\t\t\t\t\t<p>FGI Lome\u00f1a: l\u2019origine de l\u2019extraordinaire ; accomplit un travail remarquable et, au fil du temps, transmet \u00e0 leurs \u00e9quipes la passion et l\u2019amour du travail bien fait.<br>Chez Lome\u00f1a, nous pensons que la raison de toute beaut\u00e9 r\u00e9side dans la mati\u00e8re choisie et utilis\u00e9e. Notre philosophie repose sur le professionnalisme de notre \u00e9quipe.<br>Bas\u00e9e \u00e0 Irun, avec 25 ans d\u2019exp\u00e9rience et 17 ans en tant que soci\u00e9t\u00e9, l\u2019entreprise est reconnue pour son \u00e9coute, son service et la qualit\u00e9 de ses diff\u00e9rents projets r\u00e9alis\u00e9s \u00e0 Iparralde et Gipuzkoa.<br>L\u2019entreprise est sp\u00e9cialis\u00e9e dans la remise en \u00e9tat de longue dur\u00e9e.<br>Lome\u00f1a garantit le succ\u00e8s de tous ses chantiers.<br>Nous vous invitons \u00e0 d\u00e9couvrir les diff\u00e9rents projets que nous avons r\u00e9alis\u00e9s afin de constater que nous sommes une valeur s\u00fbre.  <\/p>\t\t\t\t\t\t\t\t<\/div>\n\t\t\t\t<\/div>\n\t\t\t\t<\/div>\n\t\t\t\t<\/div>\n\t\t\t\t<\/div>\n\t\t","protected":false},"excerpt":{"rendered":"<p>Lome\u00f1a Notre histoire Par vocation, en 1999, Gorka commence \u00e0 travailler l\u2019\u00e9t\u00e9 comme peintres aux c\u00f4t\u00e9s du meilleur ma\u00eetre: son p\u00e8re, Francisco. Ensemble, ils peignent de nombreux chantiers dans la ville de San Sebasti\u00e1n et dans tout Gipuzkoa (parcourant de nombreux kilom\u00e8tres pour se rendre sur chaque chantier tout en d\u00e9couvrant la r\u00e9gion).Fort de l\u2019exp\u00e9rience [&hellip;]<\/p>\n","protected":false},"author":1,"featured_media":0,"parent":0,"menu_order":0,"comment_status":"closed","ping_status":"closed","template":"elementor_header_footer","meta":{"footnotes":""},"class_list":["post-2642","page","type-page","status-publish","hentry"],"yoast_head":"<!-- This site is optimized with the Yoast SEO plugin v26.6 - https:\/\/yoast.com\/wordpress\/plugins\/seo\/ -->\n<title>Notre histoire - LOME\u00d1A<\/title>\n<meta name=\"description\" content=\"Lome\u00f1a, dont le si\u00e8ge social se trouve \u00e0 Ir\u00fan, compte 25 ans d&#039;exp\u00e9rience et 18 ans d&#039;activit\u00e9. L&#039;entreprise est reconnue pour son attention, son service et la qualit\u00e9 de ses diff\u00e9rents projets r\u00e9alis\u00e9s \u00e0 Iparralde et en Gipuzkoa.\" \/>\n<meta name=\"robots\" content=\"noindex, follow, max-snippet:-1, max-image-preview:large, max-video-preview:-1\" \/>\n<meta property=\"og:locale\" content=\"fr_FR\" \/>\n<meta property=\"og:type\" content=\"article\" \/>\n<meta property=\"og:title\" content=\"Notre histoire - LOME\u00d1A\" \/>\n<meta property=\"og:description\" content=\"Lome\u00f1a, dont le si\u00e8ge social se trouve \u00e0 Ir\u00fan, compte 25 ans d&#039;exp\u00e9rience et 18 ans d&#039;activit\u00e9. L&#039;entreprise est reconnue pour son attention, son service et la qualit\u00e9 de ses diff\u00e9rents projets r\u00e9alis\u00e9s \u00e0 Iparralde et en Gipuzkoa.\" \/>\n<meta property=\"og:url\" content=\"https:\/\/lomenak.com\/fr\/notre-histoire\/\" \/>\n<meta property=\"og:site_name\" content=\"LOME\u00d1A\" \/>\n<meta property=\"article:modified_time\" content=\"2026-02-02T17:10:25+00:00\" \/>\n<meta name=\"twitter:card\" content=\"summary_large_image\" \/>\n<meta name=\"twitter:label1\" content=\"Dur\u00e9e de lecture estim\u00e9e\" \/>\n\t<meta name=\"twitter:data1\" content=\"3 minutes\" \/>\n<script type=\"application\/ld+json\" class=\"yoast-schema-graph\">{\"@context\":\"https:\/\/schema.org\",\"@graph\":[{\"@type\":\"WebPage\",\"@id\":\"https:\/\/lomenak.com\/fr\/notre-histoire\/\",\"url\":\"https:\/\/lomenak.com\/fr\/notre-histoire\/\",\"name\":\"Notre histoire - LOME\u00d1A\",\"isPartOf\":{\"@id\":\"https:\/\/lomenak.com\/fr\/#website\"},\"primaryImageOfPage\":{\"@id\":\"https:\/\/lomenak.com\/fr\/notre-histoire\/#primaryimage\"},\"image\":{\"@id\":\"https:\/\/lomenak.com\/fr\/notre-histoire\/#primaryimage\"},\"thumbnailUrl\":\"https:\/\/lomenak.com\/wp-content\/uploads\/2025\/07\/imagotipo-lomenak-white.svg\",\"datePublished\":\"2025-07-18T12:39:42+00:00\",\"dateModified\":\"2026-02-02T17:10:25+00:00\",\"description\":\"Lome\u00f1a, dont le si\u00e8ge social se trouve \u00e0 Ir\u00fan, compte 25 ans d'exp\u00e9rience et 18 ans d'activit\u00e9. L'entreprise est reconnue pour son attention, son service et la qualit\u00e9 de ses diff\u00e9rents projets r\u00e9alis\u00e9s \u00e0 Iparralde et en Gipuzkoa.\",\"breadcrumb\":{\"@id\":\"https:\/\/lomenak.com\/fr\/notre-histoire\/#breadcrumb\"},\"inLanguage\":\"fr-FR\",\"potentialAction\":[{\"@type\":\"ReadAction\",\"target\":[\"https:\/\/lomenak.com\/fr\/notre-histoire\/\"]}]},{\"@type\":\"ImageObject\",\"inLanguage\":\"fr-FR\",\"@id\":\"https:\/\/lomenak.com\/fr\/notre-histoire\/#primaryimage\",\"url\":\"https:\/\/lomenak.com\/wp-content\/uploads\/2025\/07\/imagotipo-lomenak-white.svg\",\"contentUrl\":\"https:\/\/lomenak.com\/wp-content\/uploads\/2025\/07\/imagotipo-lomenak-white.svg\"},{\"@type\":\"BreadcrumbList\",\"@id\":\"https:\/\/lomenak.com\/fr\/notre-histoire\/#breadcrumb\",\"itemListElement\":[{\"@type\":\"ListItem\",\"position\":1,\"name\":\"Home\",\"item\":\"https:\/\/lomenak.com\/fr\/accueil\/\"},{\"@type\":\"ListItem\",\"position\":2,\"name\":\"Notre histoire\"}]},{\"@type\":\"WebSite\",\"@id\":\"https:\/\/lomenak.com\/fr\/#website\",\"url\":\"https:\/\/lomenak.com\/fr\/\",\"name\":\"LOME\u00d1A\",\"description\":\"\",\"potentialAction\":[{\"@type\":\"SearchAction\",\"target\":{\"@type\":\"EntryPoint\",\"urlTemplate\":\"https:\/\/lomenak.com\/fr\/?s={search_term_string}\"},\"query-input\":{\"@type\":\"PropertyValueSpecification\",\"valueRequired\":true,\"valueName\":\"search_term_string\"}}],\"inLanguage\":\"fr-FR\"}]}<\/script>\n<!-- \/ Yoast SEO plugin. -->","yoast_head_json":{"title":"Notre histoire - LOME\u00d1A","description":"Lome\u00f1a, dont le si\u00e8ge social se trouve \u00e0 Ir\u00fan, compte 25 ans d'exp\u00e9rience et 18 ans d'activit\u00e9. L'entreprise est reconnue pour son attention, son service et la qualit\u00e9 de ses diff\u00e9rents projets r\u00e9alis\u00e9s \u00e0 Iparralde et en Gipuzkoa.","robots":{"index":"noindex","follow":"follow","max-snippet":"max-snippet:-1","max-image-preview":"max-image-preview:large","max-video-preview":"max-video-preview:-1"},"og_locale":"fr_FR","og_type":"article","og_title":"Notre histoire - LOME\u00d1A","og_description":"Lome\u00f1a, dont le si\u00e8ge social se trouve \u00e0 Ir\u00fan, compte 25 ans d'exp\u00e9rience et 18 ans d'activit\u00e9. L'entreprise est reconnue pour son attention, son service et la qualit\u00e9 de ses diff\u00e9rents projets r\u00e9alis\u00e9s \u00e0 Iparralde et en Gipuzkoa.","og_url":"https:\/\/lomenak.com\/fr\/notre-histoire\/","og_site_name":"LOME\u00d1A","article_modified_time":"2026-02-02T17:10:25+00:00","twitter_card":"summary_large_image","twitter_misc":{"Dur\u00e9e de lecture estim\u00e9e":"3 minutes"},"schema":{"@context":"https:\/\/schema.org","@graph":[{"@type":"WebPage","@id":"https:\/\/lomenak.com\/fr\/notre-histoire\/","url":"https:\/\/lomenak.com\/fr\/notre-histoire\/","name":"Notre histoire - LOME\u00d1A","isPartOf":{"@id":"https:\/\/lomenak.com\/fr\/#website"},"primaryImageOfPage":{"@id":"https:\/\/lomenak.com\/fr\/notre-histoire\/#primaryimage"},"image":{"@id":"https:\/\/lomenak.com\/fr\/notre-histoire\/#primaryimage"},"thumbnailUrl":"https:\/\/lomenak.com\/wp-content\/uploads\/2025\/07\/imagotipo-lomenak-white.svg","datePublished":"2025-07-18T12:39:42+00:00","dateModified":"2026-02-02T17:10:25+00:00","description":"Lome\u00f1a, dont le si\u00e8ge social se trouve \u00e0 Ir\u00fan, compte 25 ans d'exp\u00e9rience et 18 ans d'activit\u00e9. L'entreprise est reconnue pour son attention, son service et la qualit\u00e9 de ses diff\u00e9rents projets r\u00e9alis\u00e9s \u00e0 Iparralde et en Gipuzkoa.","breadcrumb":{"@id":"https:\/\/lomenak.com\/fr\/notre-histoire\/#breadcrumb"},"inLanguage":"fr-FR","potentialAction":[{"@type":"ReadAction","target":["https:\/\/lomenak.com\/fr\/notre-histoire\/"]}]},{"@type":"ImageObject","inLanguage":"fr-FR","@id":"https:\/\/lomenak.com\/fr\/notre-histoire\/#primaryimage","url":"https:\/\/lomenak.com\/wp-content\/uploads\/2025\/07\/imagotipo-lomenak-white.svg","contentUrl":"https:\/\/lomenak.com\/wp-content\/uploads\/2025\/07\/imagotipo-lomenak-white.svg"},{"@type":"BreadcrumbList","@id":"https:\/\/lomenak.com\/fr\/notre-histoire\/#breadcrumb","itemListElement":[{"@type":"ListItem","position":1,"name":"Home","item":"https:\/\/lomenak.com\/fr\/accueil\/"},{"@type":"ListItem","position":2,"name":"Notre histoire"}]},{"@type":"WebSite","@id":"https:\/\/lomenak.com\/fr\/#website","url":"https:\/\/lomenak.com\/fr\/","name":"LOME\u00d1A","description":"","potentialAction":[{"@type":"SearchAction","target":{"@type":"EntryPoint","urlTemplate":"https:\/\/lomenak.com\/fr\/?s={search_term_string}"},"query-input":{"@type":"PropertyValueSpecification","valueRequired":true,"valueName":"search_term_string"}}],"inLanguage":"fr-FR"}]}},"_links":{"self":[{"href":"https:\/\/lomenak.com\/fr\/wp-json\/wp\/v2\/pages\/2642","targetHints":{"allow":["GET"]}}],"collection":[{"href":"https:\/\/lomenak.com\/fr\/wp-json\/wp\/v2\/pages"}],"about":[{"href":"https:\/\/lomenak.com\/fr\/wp-json\/wp\/v2\/types\/page"}],"author":[{"embeddable":true,"href":"https:\/\/lomenak.com\/fr\/wp-json\/wp\/v2\/users\/1"}],"replies":[{"embeddable":true,"href":"https:\/\/lomenak.com\/fr\/wp-json\/wp\/v2\/comments?post=2642"}],"version-history":[{"count":0,"href":"https:\/\/lomenak.com\/fr\/wp-json\/wp\/v2\/pages\/2642\/revisions"}],"wp:attachment":[{"href":"https:\/\/lomenak.com\/fr\/wp-json\/wp\/v2\/media?parent=2642"}],"curies":[{"name":"wp","href":"https:\/\/api.w.org\/{rel}","templated":true}]}}