{"id":4100,"date":"2025-12-30T11:49:08","date_gmt":"2025-12-30T10:49:08","guid":{"rendered":"https:\/\/lomenak.com\/notre-histoire\/departement-administratif\/"},"modified":"2026-02-09T13:55:36","modified_gmt":"2026-02-09T12:55:36","slug":"departement-administratif","status":"publish","type":"page","link":"https:\/\/lomenak.com\/fr\/departement-administratif\/","title":{"rendered":"D\u00e9partement Administratif"},"content":{"rendered":"\t\t<div data-elementor-type=\"wp-page\" data-elementor-id=\"4100\" class=\"elementor elementor-4100 elementor-3134\" data-elementor-post-type=\"page\">\n\t\t\t\t<div class=\"elementor-element elementor-element-e256ca2 ops-section e-flex e-con-boxed e-con e-parent\" data-id=\"e256ca2\" data-element_type=\"container\" data-settings=\"{&quot;background_background&quot;:&quot;classic&quot;,&quot;ekit_has_onepagescroll&quot;:&quot;section&quot;}\">\n\t\t\t\t\t<div class=\"e-con-inner\">\n\t\t<div class=\"elementor-element elementor-element-eb75802 e-con-full e-flex e-con e-child\" data-id=\"eb75802\" data-element_type=\"container\">\n\t\t\t\t<div class=\"elementor-element elementor-element-813d5bc elementor-widget elementor-widget-text-editor\" data-id=\"813d5bc\" data-element_type=\"widget\" data-widget_type=\"text-editor.default\">\n\t\t\t\t<div class=\"elementor-widget-container\">\n\t\t\t\t\t\t\t\t\t<p><strong>Sheila<\/strong>. <em>Experte comptable<\/em>.<\/p><p><strong>Marta<\/strong>. <em>Service client\u00e8le et administration<\/em>.<\/p>\t\t\t\t\t\t\t\t<\/div>\n\t\t\t\t<\/div>\n\t\t\t\t<\/div>\n\t\t\t\t\t<\/div>\n\t\t\t\t<\/div>\n\t\t<div class=\"elementor-element elementor-element-00ccdc7 e-flex e-con-boxed e-con e-parent\" data-id=\"00ccdc7\" data-element_type=\"container\" data-settings=\"{&quot;background_background&quot;:&quot;classic&quot;}\">\n\t\t\t\t\t<div class=\"e-con-inner\">\n\t\t<div class=\"elementor-element elementor-element-c66f9dd e-con-full e-flex e-con e-child\" data-id=\"c66f9dd\" data-element_type=\"container\">\n\t\t<div class=\"elementor-element elementor-element-c036713 e-con-full e-flex e-con e-child\" data-id=\"c036713\" data-element_type=\"container\">\n\t\t<div class=\"elementor-element elementor-element-666a059 e-con-full e-flex e-con e-child\" data-id=\"666a059\" data-element_type=\"container\">\n\t\t<div class=\"elementor-element elementor-element-bc7f503 e-con-full e-flex e-con e-child\" data-id=\"bc7f503\" data-element_type=\"container\" data-settings=\"{&quot;background_background&quot;:&quot;classic&quot;}\">\n\t\t\t\t<div class=\"elementor-element elementor-element-9dec2e8 elementor-widget__width-initial elementor-widget elementor-widget-heading\" data-id=\"9dec2e8\" data-element_type=\"widget\" data-widget_type=\"heading.default\">\n\t\t\t\t<div class=\"elementor-widget-container\">\n\t\t\t\t\t<div class=\"elementor-heading-title elementor-size-default\">Lome\u00f1a<\/div>\t\t\t\t<\/div>\n\t\t\t\t<\/div>\n\t\t\t\t<\/div>\n\t\t\t\t<\/div>\n\t\t\t\t<div class=\"elementor-element elementor-element-1d8f3a3 elementor-widget elementor-widget-heading\" data-id=\"1d8f3a3\" data-element_type=\"widget\" data-widget_type=\"heading.default\">\n\t\t\t\t<div class=\"elementor-widget-container\">\n\t\t\t\t\t<h1 class=\"elementor-heading-title elementor-size-default\">D\u00e9partement Administratif <\/h1>\t\t\t\t<\/div>\n\t\t\t\t<\/div>\n\t\t\t\t<\/div>\n\t\t<div class=\"elementor-element elementor-element-06ab25c e-con-full e-flex e-con e-child\" data-id=\"06ab25c\" data-element_type=\"container\">\n\t\t\t\t<div class=\"elementor-element elementor-element-a7b8843 elementor-invisible elementor-widget elementor-widget-heading\" data-id=\"a7b8843\" data-element_type=\"widget\" data-settings=\"{&quot;_animation&quot;:&quot;fadeInDown&quot;}\" data-widget_type=\"heading.default\">\n\t\t\t\t<div class=\"elementor-widget-container\">\n\t\t\t\t\t<h2 class=\"elementor-heading-title elementor-size-default\">L\u2019objectif du d\u00e9partement est simple : que le client se sente accompagn\u00e9 \u00e0 tout mom<\/h2>\t\t\t\t<\/div>\n\t\t\t\t<\/div>\n\t\t\t\t<div class=\"elementor-element elementor-element-f41bde1 descripcion elementor-widget elementor-widget-text-editor\" data-id=\"f41bde1\" data-element_type=\"widget\" data-widget_type=\"text-editor.default\">\n\t\t\t\t<div class=\"elementor-widget-container\">\n\t\t\t\t\t\t\t\t\t<p>Le D\u00e9partement d\u2019Administration est le point d\u2019appui interne qui garantit un fonctionnement clair, ordonn\u00e9 et efficace de l\u2019entreprise.<\/p><p>C\u2019est l\u2019\u00e9quipe qui relie le client aux autres services et qui veille \u00e0 ce que chaque chantier progresse sans impr\u00e9vus.<\/p><p>Elle assure le contr\u00f4le de la communication, de la documentation et de la gestion \u00e9conomique de chaque projet, permettant ainsi aux techniciens et aux \u00e9quipes de chantier de travailler avec pr\u00e9cision.<\/p><p>Fonctions du d\u00e9partement :<\/p><ul><li>Lorsque le client appelle ou \u00e9crit, nous enregistrons la demande et rassemblons les informations n\u00e9cessaires pour g\u00e9rer le dossier correctement.<\/li><li>Nous fournissons les premi\u00e8res informations et planifions la visite avec le D\u00e9partement Technique.<\/li><li>Nous g\u00e9rons les agendas et les rendez-vous, en maintenant une communication fluide et constante avec les clients.<\/li><li>Nous pr\u00e9parons la documentation n\u00e9cessaire pour chaque chantier, y compris les autorisations pr\u00e9alables lorsque cela est requis.<\/li><li>Sheila est responsable de la comptabilit\u00e9, du suivi \u00e9conomique de chaque chantier et de l\u2019\u00e9mission des factures.<\/li><li>Nous coordonnons toute la documentation administrative avec les autres d\u00e9partements et r\u00e9pondons \u00e0 toute question li\u00e9e au d\u00e9roulement du chantier.<\/li><\/ul>\t\t\t\t\t\t\t\t<\/div>\n\t\t\t\t<\/div>\n\t\t\t\t<\/div>\n\t\t\t\t<\/div>\n\t\t\t\t\t<\/div>\n\t\t\t\t<\/div>\n\t\t\t\t<\/div>\n\t\t","protected":false},"excerpt":{"rendered":"<p>Sheila. Experte comptable. Marta. Service client\u00e8le et administration. Lome\u00f1a D\u00e9partement Administratif L\u2019objectif du d\u00e9partement est simple : que le client se sente accompagn\u00e9 \u00e0 tout mom Le D\u00e9partement d\u2019Administration est le point d\u2019appui interne qui garantit un fonctionnement clair, ordonn\u00e9 et efficace de l\u2019entreprise. C\u2019est l\u2019\u00e9quipe qui relie le client aux autres services et qui [&hellip;]<\/p>\n","protected":false},"author":1,"featured_media":0,"parent":0,"menu_order":0,"comment_status":"closed","ping_status":"closed","template":"elementor_header_footer","meta":{"footnotes":""},"class_list":["post-4100","page","type-page","status-publish","hentry"],"yoast_head":"<!-- This site is optimized with the Yoast SEO plugin v26.6 - https:\/\/yoast.com\/wordpress\/plugins\/seo\/ -->\n<title>D\u00e9partement Administratif - LOME\u00d1A<\/title>\n<meta name=\"description\" content=\"L&#039;objectif du d\u00e9partement administratif de Lome\u00f1a est simple : que le client se sente accompagn\u00e9 \u00e0 tout moment.\" \/>\n<meta name=\"robots\" content=\"noindex, follow, max-snippet:-1, max-image-preview:large, max-video-preview:-1\" \/>\n<meta property=\"og:locale\" content=\"fr_FR\" \/>\n<meta property=\"og:type\" content=\"article\" \/>\n<meta property=\"og:title\" content=\"D\u00e9partement Administratif - LOME\u00d1A\" \/>\n<meta property=\"og:description\" content=\"L&#039;objectif du d\u00e9partement administratif de Lome\u00f1a est simple : que le client se sente accompagn\u00e9 \u00e0 tout moment.\" \/>\n<meta property=\"og:url\" content=\"https:\/\/lomenak.com\/fr\/departement-administratif\/\" \/>\n<meta property=\"og:site_name\" content=\"LOME\u00d1A\" \/>\n<meta property=\"article:modified_time\" content=\"2026-02-09T12:55:36+00:00\" \/>\n<meta name=\"twitter:card\" content=\"summary_large_image\" \/>\n<meta name=\"twitter:label1\" content=\"Dur\u00e9e de lecture estim\u00e9e\" \/>\n\t<meta name=\"twitter:data1\" content=\"1 minute\" \/>\n<script type=\"application\/ld+json\" class=\"yoast-schema-graph\">{\"@context\":\"https:\/\/schema.org\",\"@graph\":[{\"@type\":\"WebPage\",\"@id\":\"https:\/\/lomenak.com\/fr\/departement-administratif\/\",\"url\":\"https:\/\/lomenak.com\/fr\/departement-administratif\/\",\"name\":\"D\u00e9partement Administratif - LOME\u00d1A\",\"isPartOf\":{\"@id\":\"https:\/\/lomenak.com\/fr\/#website\"},\"datePublished\":\"2025-12-30T10:49:08+00:00\",\"dateModified\":\"2026-02-09T12:55:36+00:00\",\"description\":\"L'objectif du d\u00e9partement administratif de Lome\u00f1a est simple : que le client se sente accompagn\u00e9 \u00e0 tout moment.\",\"breadcrumb\":{\"@id\":\"https:\/\/lomenak.com\/fr\/departement-administratif\/#breadcrumb\"},\"inLanguage\":\"fr-FR\",\"potentialAction\":[{\"@type\":\"ReadAction\",\"target\":[\"https:\/\/lomenak.com\/fr\/departement-administratif\/\"]}]},{\"@type\":\"BreadcrumbList\",\"@id\":\"https:\/\/lomenak.com\/fr\/departement-administratif\/#breadcrumb\",\"itemListElement\":[{\"@type\":\"ListItem\",\"position\":1,\"name\":\"Home\",\"item\":\"https:\/\/lomenak.com\/fr\/accueil\/\"},{\"@type\":\"ListItem\",\"position\":2,\"name\":\"D\u00e9partement Administratif\"}]},{\"@type\":\"WebSite\",\"@id\":\"https:\/\/lomenak.com\/fr\/#website\",\"url\":\"https:\/\/lomenak.com\/fr\/\",\"name\":\"LOME\u00d1A\",\"description\":\"\",\"potentialAction\":[{\"@type\":\"SearchAction\",\"target\":{\"@type\":\"EntryPoint\",\"urlTemplate\":\"https:\/\/lomenak.com\/fr\/?s={search_term_string}\"},\"query-input\":{\"@type\":\"PropertyValueSpecification\",\"valueRequired\":true,\"valueName\":\"search_term_string\"}}],\"inLanguage\":\"fr-FR\"}]}<\/script>\n<!-- \/ Yoast SEO plugin. -->","yoast_head_json":{"title":"D\u00e9partement Administratif - LOME\u00d1A","description":"L'objectif du d\u00e9partement administratif de Lome\u00f1a est simple : que le client se sente accompagn\u00e9 \u00e0 tout moment.","robots":{"index":"noindex","follow":"follow","max-snippet":"max-snippet:-1","max-image-preview":"max-image-preview:large","max-video-preview":"max-video-preview:-1"},"og_locale":"fr_FR","og_type":"article","og_title":"D\u00e9partement Administratif - LOME\u00d1A","og_description":"L'objectif du d\u00e9partement administratif de Lome\u00f1a est simple : que le client se sente accompagn\u00e9 \u00e0 tout moment.","og_url":"https:\/\/lomenak.com\/fr\/departement-administratif\/","og_site_name":"LOME\u00d1A","article_modified_time":"2026-02-09T12:55:36+00:00","twitter_card":"summary_large_image","twitter_misc":{"Dur\u00e9e de lecture estim\u00e9e":"1 minute"},"schema":{"@context":"https:\/\/schema.org","@graph":[{"@type":"WebPage","@id":"https:\/\/lomenak.com\/fr\/departement-administratif\/","url":"https:\/\/lomenak.com\/fr\/departement-administratif\/","name":"D\u00e9partement Administratif - LOME\u00d1A","isPartOf":{"@id":"https:\/\/lomenak.com\/fr\/#website"},"datePublished":"2025-12-30T10:49:08+00:00","dateModified":"2026-02-09T12:55:36+00:00","description":"L'objectif du d\u00e9partement administratif de Lome\u00f1a est simple : que le client se sente accompagn\u00e9 \u00e0 tout moment.","breadcrumb":{"@id":"https:\/\/lomenak.com\/fr\/departement-administratif\/#breadcrumb"},"inLanguage":"fr-FR","potentialAction":[{"@type":"ReadAction","target":["https:\/\/lomenak.com\/fr\/departement-administratif\/"]}]},{"@type":"BreadcrumbList","@id":"https:\/\/lomenak.com\/fr\/departement-administratif\/#breadcrumb","itemListElement":[{"@type":"ListItem","position":1,"name":"Home","item":"https:\/\/lomenak.com\/fr\/accueil\/"},{"@type":"ListItem","position":2,"name":"D\u00e9partement Administratif"}]},{"@type":"WebSite","@id":"https:\/\/lomenak.com\/fr\/#website","url":"https:\/\/lomenak.com\/fr\/","name":"LOME\u00d1A","description":"","potentialAction":[{"@type":"SearchAction","target":{"@type":"EntryPoint","urlTemplate":"https:\/\/lomenak.com\/fr\/?s={search_term_string}"},"query-input":{"@type":"PropertyValueSpecification","valueRequired":true,"valueName":"search_term_string"}}],"inLanguage":"fr-FR"}]}},"_links":{"self":[{"href":"https:\/\/lomenak.com\/fr\/wp-json\/wp\/v2\/pages\/4100","targetHints":{"allow":["GET"]}}],"collection":[{"href":"https:\/\/lomenak.com\/fr\/wp-json\/wp\/v2\/pages"}],"about":[{"href":"https:\/\/lomenak.com\/fr\/wp-json\/wp\/v2\/types\/page"}],"author":[{"embeddable":true,"href":"https:\/\/lomenak.com\/fr\/wp-json\/wp\/v2\/users\/1"}],"replies":[{"embeddable":true,"href":"https:\/\/lomenak.com\/fr\/wp-json\/wp\/v2\/comments?post=4100"}],"version-history":[{"count":0,"href":"https:\/\/lomenak.com\/fr\/wp-json\/wp\/v2\/pages\/4100\/revisions"}],"wp:attachment":[{"href":"https:\/\/lomenak.com\/fr\/wp-json\/wp\/v2\/media?parent=4100"}],"curies":[{"name":"wp","href":"https:\/\/api.w.org\/{rel}","templated":true}]}}