{"id":4111,"date":"2025-12-30T12:49:30","date_gmt":"2025-12-30T11:49:30","guid":{"rendered":"https:\/\/lomenak.com\/notre-histoire\/departement-technique\/"},"modified":"2026-02-25T10:00:03","modified_gmt":"2026-02-25T09:00:03","slug":"departement-technique","status":"publish","type":"page","link":"https:\/\/lomenak.com\/fr\/departement-technique\/","title":{"rendered":"D\u00e9partement Technique"},"content":{"rendered":"\t\t<div data-elementor-type=\"wp-page\" data-elementor-id=\"4111\" class=\"elementor elementor-4111 elementor-3215\" data-elementor-post-type=\"page\">\n\t\t\t\t<div class=\"elementor-element elementor-element-e256ca2 ops-section e-flex e-con-boxed e-con e-parent\" data-id=\"e256ca2\" data-element_type=\"container\" data-settings=\"{&quot;background_background&quot;:&quot;classic&quot;,&quot;ekit_has_onepagescroll&quot;:&quot;section&quot;}\">\n\t\t\t\t\t<div class=\"e-con-inner\">\n\t\t<div class=\"elementor-element elementor-element-eb75802 e-con-full e-flex e-con e-child\" data-id=\"eb75802\" data-element_type=\"container\">\n\t\t\t\t<div class=\"elementor-element elementor-element-813d5bc elementor-widget elementor-widget-text-editor\" data-id=\"813d5bc\" data-element_type=\"widget\" data-widget_type=\"text-editor.default\">\n\t\t\t\t<div class=\"elementor-widget-container\">\n\t\t\t\t\t\t\t\t\t<p><strong>Ander<\/strong>. <em>Technicien de chantier<\/em>.<\/p><p><strong>Carolina<\/strong>. <em>Technicienne de chantier<\/em>.<\/p><p><strong>Maikel<\/strong>. <em>Technicienne de chantier<\/em>.<\/p>\t\t\t\t\t\t\t\t<\/div>\n\t\t\t\t<\/div>\n\t\t\t\t<\/div>\n\t\t\t\t\t<\/div>\n\t\t\t\t<\/div>\n\t\t<div class=\"elementor-element elementor-element-00ccdc7 e-flex e-con-boxed e-con e-parent\" data-id=\"00ccdc7\" data-element_type=\"container\" data-settings=\"{&quot;background_background&quot;:&quot;classic&quot;}\">\n\t\t\t\t\t<div class=\"e-con-inner\">\n\t\t<div class=\"elementor-element elementor-element-c66f9dd e-con-full e-flex e-con e-child\" data-id=\"c66f9dd\" data-element_type=\"container\">\n\t\t<div class=\"elementor-element elementor-element-c036713 e-con-full e-flex e-con e-child\" data-id=\"c036713\" data-element_type=\"container\">\n\t\t<div class=\"elementor-element elementor-element-666a059 e-con-full e-flex e-con e-child\" data-id=\"666a059\" data-element_type=\"container\">\n\t\t<div class=\"elementor-element elementor-element-bc7f503 e-con-full e-flex e-con e-child\" data-id=\"bc7f503\" data-element_type=\"container\" data-settings=\"{&quot;background_background&quot;:&quot;classic&quot;}\">\n\t\t\t\t<div class=\"elementor-element elementor-element-9dec2e8 elementor-widget__width-initial elementor-widget elementor-widget-heading\" data-id=\"9dec2e8\" data-element_type=\"widget\" data-widget_type=\"heading.default\">\n\t\t\t\t<div class=\"elementor-widget-container\">\n\t\t\t\t\t<div class=\"elementor-heading-title elementor-size-default\">Lome\u00f1a<\/div>\t\t\t\t<\/div>\n\t\t\t\t<\/div>\n\t\t\t\t<\/div>\n\t\t\t\t<\/div>\n\t\t\t\t<div class=\"elementor-element elementor-element-1d8f3a3 elementor-widget elementor-widget-heading\" data-id=\"1d8f3a3\" data-element_type=\"widget\" data-widget_type=\"heading.default\">\n\t\t\t\t<div class=\"elementor-widget-container\">\n\t\t\t\t\t<h1 class=\"elementor-heading-title elementor-size-default\">D\u00e9partement Technique <\/h1>\t\t\t\t<\/div>\n\t\t\t\t<\/div>\n\t\t\t\t<\/div>\n\t\t<div class=\"elementor-element elementor-element-06ab25c e-con-full e-flex e-con e-child\" data-id=\"06ab25c\" data-element_type=\"container\">\n\t\t\t\t<div class=\"elementor-element elementor-element-a7b8843 elementor-invisible elementor-widget elementor-widget-heading\" data-id=\"a7b8843\" data-element_type=\"widget\" data-settings=\"{&quot;_animation&quot;:&quot;fadeInDown&quot;}\" data-widget_type=\"heading.default\">\n\t\t\t\t<div class=\"elementor-widget-container\">\n\t\t\t\t\t<h2 class=\"elementor-heading-title elementor-size-default\">Le D\u00e9partement Technique est le premier contact direct avec le client et l\u2019endroit o\u00f9 commence notre mani\u00e8re de travailler.<\/h2>\t\t\t\t<\/div>\n\t\t\t\t<\/div>\n\t\t\t\t<div class=\"elementor-element elementor-element-f41bde1 descripcion elementor-widget elementor-widget-text-editor\" data-id=\"f41bde1\" data-element_type=\"widget\" data-widget_type=\"text-editor.default\">\n\t\t\t\t<div class=\"elementor-widget-container\">\n\t\t\t\t\t\t\t\t\t<p class=\"p1\">Le client dispose d\u2019un interlocuteur unique qui g\u00e8re et supervise le bon d\u00e9roulement de l\u2019ensemble du chantier.<\/p><p class=\"p1\">Notre mani\u00e8re de travailler :<\/p><ul><li><p class=\"p1\">Le client appelle ou \u00e9crit : nous enregistrons la demande.<\/p><\/li><li><p class=\"p1\">Nous analysons les informations initiales et programmons une visite.<\/p><\/li><li><p class=\"p1\">Un technicien se rend sur place. La premi\u00e8re chose, et la plus importante pour nous, est d\u2019\u00e9couter les besoins du client. <\/p><\/li><li><p class=\"p1\">Nous analysons la situation r\u00e9elle et conseillons la meilleure solution.<\/p><\/li><li><p class=\"p1\">Lors de la visite, nous prenons des mesures, des notes et des photographies.<\/p><\/li><li><p class=\"p1\">Au bureau, nous pr\u00e9parons un devis clair et d\u00e9taill\u00e9.<\/p><\/li><li><p class=\"p1\">Nous remettons le devis et r\u00e9pondons \u00e0 toutes les questions du client.<\/p><\/li><li><p class=\"p1\">Si n\u00e9cessaire, nous apportons des modifications pour adapter la proposition.<\/p><\/li><li><p class=\"p1\">Une fois accept\u00e9, le projet est transf\u00e9r\u00e9 au D\u00e9partement d\u2019Ex\u00e9cution pour sa planification et son d\u00e9veloppement.<\/p><\/li><li><p class=\"p1\">Une communication quotidienne est maintenue avec le chef de chantier et une r\u00e9union interne hebdomadaire est organis\u00e9e pour suivre l\u2019avancement.<\/p><\/li><li><p class=\"p1\">\u00c0 la fin des travaux, nous effectuons une r\u00e9vision compl\u00e8te avec le client et signons le document de fin de chantier.<\/p><\/li><\/ul>\t\t\t\t\t\t\t\t<\/div>\n\t\t\t\t<\/div>\n\t\t\t\t<\/div>\n\t\t\t\t<\/div>\n\t\t\t\t\t<\/div>\n\t\t\t\t<\/div>\n\t\t\t\t<\/div>\n\t\t","protected":false},"excerpt":{"rendered":"<p>Ander. Technicien de chantier. Carolina. Technicienne de chantier. Maikel. Technicienne de chantier. Lome\u00f1a D\u00e9partement Technique Le D\u00e9partement Technique est le premier contact direct avec le client et l\u2019endroit o\u00f9 commence notre mani\u00e8re de travailler. Le client dispose d\u2019un interlocuteur unique qui g\u00e8re et supervise le bon d\u00e9roulement de l\u2019ensemble du chantier. Notre mani\u00e8re de travailler [&hellip;]<\/p>\n","protected":false},"author":1,"featured_media":0,"parent":0,"menu_order":0,"comment_status":"closed","ping_status":"closed","template":"elementor_header_footer","meta":{"footnotes":""},"class_list":["post-4111","page","type-page","status-publish","hentry"],"yoast_head":"<!-- This site is optimized with the Yoast SEO plugin v26.6 - https:\/\/yoast.com\/wordpress\/plugins\/seo\/ -->\n<title>D\u00e9partement Technique - LOME\u00d1A<\/title>\n<meta name=\"description\" content=\"Le d\u00e9partement technique de Lome\u00f1a est le premier contact direct avec le client et le lieu o\u00f9 commence notre fa\u00e7on de travailler.\" \/>\n<meta name=\"robots\" content=\"noindex, follow, max-snippet:-1, max-image-preview:large, max-video-preview:-1\" \/>\n<meta property=\"og:locale\" content=\"fr_FR\" \/>\n<meta property=\"og:type\" content=\"article\" \/>\n<meta property=\"og:title\" content=\"D\u00e9partement Technique - LOME\u00d1A\" \/>\n<meta property=\"og:description\" content=\"Le d\u00e9partement technique de Lome\u00f1a est le premier contact direct avec le client et le lieu o\u00f9 commence notre fa\u00e7on de travailler.\" \/>\n<meta property=\"og:url\" content=\"https:\/\/lomenak.com\/fr\/departement-technique\/\" \/>\n<meta property=\"og:site_name\" content=\"LOME\u00d1A\" \/>\n<meta property=\"article:modified_time\" content=\"2026-02-25T09:00:03+00:00\" \/>\n<meta name=\"twitter:card\" content=\"summary_large_image\" \/>\n<meta name=\"twitter:label1\" content=\"Dur\u00e9e de lecture estim\u00e9e\" \/>\n\t<meta name=\"twitter:data1\" content=\"1 minute\" \/>\n<script type=\"application\/ld+json\" class=\"yoast-schema-graph\">{\"@context\":\"https:\/\/schema.org\",\"@graph\":[{\"@type\":\"WebPage\",\"@id\":\"https:\/\/lomenak.com\/fr\/departement-technique\/\",\"url\":\"https:\/\/lomenak.com\/fr\/departement-technique\/\",\"name\":\"D\u00e9partement Technique - LOME\u00d1A\",\"isPartOf\":{\"@id\":\"https:\/\/lomenak.com\/fr\/#website\"},\"datePublished\":\"2025-12-30T11:49:30+00:00\",\"dateModified\":\"2026-02-25T09:00:03+00:00\",\"description\":\"Le d\u00e9partement technique de Lome\u00f1a est le premier contact direct avec le client et le lieu o\u00f9 commence notre fa\u00e7on de travailler.\",\"breadcrumb\":{\"@id\":\"https:\/\/lomenak.com\/fr\/departement-technique\/#breadcrumb\"},\"inLanguage\":\"fr-FR\",\"potentialAction\":[{\"@type\":\"ReadAction\",\"target\":[\"https:\/\/lomenak.com\/fr\/departement-technique\/\"]}]},{\"@type\":\"BreadcrumbList\",\"@id\":\"https:\/\/lomenak.com\/fr\/departement-technique\/#breadcrumb\",\"itemListElement\":[{\"@type\":\"ListItem\",\"position\":1,\"name\":\"Home\",\"item\":\"https:\/\/lomenak.com\/fr\/accueil\/\"},{\"@type\":\"ListItem\",\"position\":2,\"name\":\"D\u00e9partement Technique\"}]},{\"@type\":\"WebSite\",\"@id\":\"https:\/\/lomenak.com\/fr\/#website\",\"url\":\"https:\/\/lomenak.com\/fr\/\",\"name\":\"LOME\u00d1A\",\"description\":\"\",\"potentialAction\":[{\"@type\":\"SearchAction\",\"target\":{\"@type\":\"EntryPoint\",\"urlTemplate\":\"https:\/\/lomenak.com\/fr\/?s={search_term_string}\"},\"query-input\":{\"@type\":\"PropertyValueSpecification\",\"valueRequired\":true,\"valueName\":\"search_term_string\"}}],\"inLanguage\":\"fr-FR\"}]}<\/script>\n<!-- \/ Yoast SEO plugin. -->","yoast_head_json":{"title":"D\u00e9partement Technique - LOME\u00d1A","description":"Le d\u00e9partement technique de Lome\u00f1a est le premier contact direct avec le client et le lieu o\u00f9 commence notre fa\u00e7on de travailler.","robots":{"index":"noindex","follow":"follow","max-snippet":"max-snippet:-1","max-image-preview":"max-image-preview:large","max-video-preview":"max-video-preview:-1"},"og_locale":"fr_FR","og_type":"article","og_title":"D\u00e9partement Technique - LOME\u00d1A","og_description":"Le d\u00e9partement technique de Lome\u00f1a est le premier contact direct avec le client et le lieu o\u00f9 commence notre fa\u00e7on de travailler.","og_url":"https:\/\/lomenak.com\/fr\/departement-technique\/","og_site_name":"LOME\u00d1A","article_modified_time":"2026-02-25T09:00:03+00:00","twitter_card":"summary_large_image","twitter_misc":{"Dur\u00e9e de lecture estim\u00e9e":"1 minute"},"schema":{"@context":"https:\/\/schema.org","@graph":[{"@type":"WebPage","@id":"https:\/\/lomenak.com\/fr\/departement-technique\/","url":"https:\/\/lomenak.com\/fr\/departement-technique\/","name":"D\u00e9partement Technique - LOME\u00d1A","isPartOf":{"@id":"https:\/\/lomenak.com\/fr\/#website"},"datePublished":"2025-12-30T11:49:30+00:00","dateModified":"2026-02-25T09:00:03+00:00","description":"Le d\u00e9partement technique de Lome\u00f1a est le premier contact direct avec le client et le lieu o\u00f9 commence notre fa\u00e7on de travailler.","breadcrumb":{"@id":"https:\/\/lomenak.com\/fr\/departement-technique\/#breadcrumb"},"inLanguage":"fr-FR","potentialAction":[{"@type":"ReadAction","target":["https:\/\/lomenak.com\/fr\/departement-technique\/"]}]},{"@type":"BreadcrumbList","@id":"https:\/\/lomenak.com\/fr\/departement-technique\/#breadcrumb","itemListElement":[{"@type":"ListItem","position":1,"name":"Home","item":"https:\/\/lomenak.com\/fr\/accueil\/"},{"@type":"ListItem","position":2,"name":"D\u00e9partement Technique"}]},{"@type":"WebSite","@id":"https:\/\/lomenak.com\/fr\/#website","url":"https:\/\/lomenak.com\/fr\/","name":"LOME\u00d1A","description":"","potentialAction":[{"@type":"SearchAction","target":{"@type":"EntryPoint","urlTemplate":"https:\/\/lomenak.com\/fr\/?s={search_term_string}"},"query-input":{"@type":"PropertyValueSpecification","valueRequired":true,"valueName":"search_term_string"}}],"inLanguage":"fr-FR"}]}},"_links":{"self":[{"href":"https:\/\/lomenak.com\/fr\/wp-json\/wp\/v2\/pages\/4111","targetHints":{"allow":["GET"]}}],"collection":[{"href":"https:\/\/lomenak.com\/fr\/wp-json\/wp\/v2\/pages"}],"about":[{"href":"https:\/\/lomenak.com\/fr\/wp-json\/wp\/v2\/types\/page"}],"author":[{"embeddable":true,"href":"https:\/\/lomenak.com\/fr\/wp-json\/wp\/v2\/users\/1"}],"replies":[{"embeddable":true,"href":"https:\/\/lomenak.com\/fr\/wp-json\/wp\/v2\/comments?post=4111"}],"version-history":[{"count":0,"href":"https:\/\/lomenak.com\/fr\/wp-json\/wp\/v2\/pages\/4111\/revisions"}],"wp:attachment":[{"href":"https:\/\/lomenak.com\/fr\/wp-json\/wp\/v2\/media?parent=4111"}],"curies":[{"name":"wp","href":"https:\/\/api.w.org\/{rel}","templated":true}]}}