{"id":4588,"date":"2026-02-23T11:45:36","date_gmt":"2026-02-23T10:45:36","guid":{"rendered":"https:\/\/lomenak.com\/notre-bureau\/"},"modified":"2026-02-23T12:24:38","modified_gmt":"2026-02-23T11:24:38","slug":"notre-bureau","status":"publish","type":"page","link":"https:\/\/lomenak.com\/fr\/notre-bureau\/","title":{"rendered":"Notre bureau"},"content":{"rendered":"\t\t<div data-elementor-type=\"wp-page\" data-elementor-id=\"4588\" class=\"elementor elementor-4588 elementor-4571\" data-elementor-post-type=\"page\">\n\t\t\t\t<div class=\"elementor-element elementor-element-deb6e4b e-flex e-con-boxed e-con e-parent\" data-id=\"deb6e4b\" data-element_type=\"container\" data-settings=\"{&quot;background_background&quot;:&quot;classic&quot;}\">\n\t\t\t\t\t<div class=\"e-con-inner\">\n\t\t\t\t<div class=\"elementor-element elementor-element-46dd961 elementor-widget elementor-widget-image\" data-id=\"46dd961\" data-element_type=\"widget\" data-widget_type=\"image.default\">\n\t\t\t\t<div class=\"elementor-widget-container\">\n\t\t\t\t\t\t\t\t\t\t\t\t\t\t\t<img decoding=\"async\" width=\"201\" height=\"224\" src=\"https:\/\/lomenak.com\/wp-content\/uploads\/2025\/07\/imagotipo-lomenak-white.svg\" class=\"attachment-large size-large wp-image-2457\" alt=\"\" \/>\t\t\t\t\t\t\t\t\t\t\t\t\t\t\t<\/div>\n\t\t\t\t<\/div>\n\t\t<div class=\"elementor-element elementor-element-840070c e-con-full e-flex e-con e-child\" data-id=\"840070c\" data-element_type=\"container\">\n\t\t<div class=\"elementor-element elementor-element-3f6e640 e-con-full e-flex e-con e-child\" data-id=\"3f6e640\" data-element_type=\"container\">\n\t\t<div class=\"elementor-element elementor-element-9dd0173 e-con-full e-flex e-con e-child\" data-id=\"9dd0173\" data-element_type=\"container\">\n\t\t<div class=\"elementor-element elementor-element-59db280 e-con-full e-flex e-con e-child\" data-id=\"59db280\" data-element_type=\"container\" data-settings=\"{&quot;background_background&quot;:&quot;classic&quot;}\">\n\t\t\t\t<div class=\"elementor-element elementor-element-5728a35 elementor-widget__width-initial elementor-widget elementor-widget-heading\" data-id=\"5728a35\" data-element_type=\"widget\" data-widget_type=\"heading.default\">\n\t\t\t\t<div class=\"elementor-widget-container\">\n\t\t\t\t\t<div class=\"elementor-heading-title elementor-size-default\">Lome\u00f1a<\/div>\t\t\t\t<\/div>\n\t\t\t\t<\/div>\n\t\t\t\t<\/div>\n\t\t\t\t<\/div>\n\t\t\t\t<div class=\"elementor-element elementor-element-ef9259f elementor-widget elementor-widget-heading\" data-id=\"ef9259f\" data-element_type=\"widget\" data-widget_type=\"heading.default\">\n\t\t\t\t<div class=\"elementor-widget-container\">\n\t\t\t\t\t<h1 class=\"elementor-heading-title elementor-size-default\">Notre bureau<\/h1>\t\t\t\t<\/div>\n\t\t\t\t<\/div>\n\t\t\t\t<\/div>\n\t\t\t\t<div class=\"elementor-element elementor-element-b70b15c elementor-widget elementor-widget-text-editor\" data-id=\"b70b15c\" data-element_type=\"widget\" data-widget_type=\"text-editor.default\">\n\t\t\t\t<div class=\"elementor-widget-container\">\n\t\t\t\t\t\t\t\t\t<p class=\"p1\">Nos bureaux sont situ\u00e9s \u00e0 Irun, \u00e0 seulement 300 m\u00e8tres de la fronti\u00e8re fran\u00e7aise, dans un emplacement strat\u00e9gique qui nous permet d\u2019accompagner avec la m\u00eame proximit\u00e9 et la m\u00eame efficacit\u00e9 des clients espagnols et fran\u00e7ais. Cet environnement transfrontalier naturel, au c\u0153ur de la Bidassoa, fait pleinement partie de notre identit\u00e9 et de notre mani\u00e8re de travailler. <\/p>\t\t\t\t\t\t\t\t<\/div>\n\t\t\t\t<\/div>\n\t\t\t\t<\/div>\n\t\t\t\t\t<\/div>\n\t\t\t\t<\/div>\n\t\t<div class=\"elementor-element elementor-element-48af8ce e-flex e-con-boxed e-con e-parent\" data-id=\"48af8ce\" data-element_type=\"container\" data-settings=\"{&quot;background_background&quot;:&quot;classic&quot;}\">\n\t\t\t\t\t<div class=\"e-con-inner\">\n\t\t\t\t<div class=\"elementor-element elementor-element-bf966f0 elementor-widget elementor-widget-image\" data-id=\"bf966f0\" data-element_type=\"widget\" data-settings=\"{&quot;motion_fx_motion_fx_scrolling&quot;:&quot;yes&quot;,&quot;motion_fx_translateY_effect&quot;:&quot;yes&quot;,&quot;motion_fx_translateY_direction&quot;:&quot;negative&quot;,&quot;motion_fx_translateY_speed&quot;:{&quot;unit&quot;:&quot;px&quot;,&quot;size&quot;:9.1,&quot;sizes&quot;:[]},&quot;motion_fx_translateY_affectedRange&quot;:{&quot;unit&quot;:&quot;%&quot;,&quot;size&quot;:&quot;&quot;,&quot;sizes&quot;:{&quot;start&quot;:0,&quot;end&quot;:50}},&quot;motion_fx_opacity_effect&quot;:&quot;yes&quot;,&quot;motion_fx_opacity_range&quot;:{&quot;unit&quot;:&quot;%&quot;,&quot;size&quot;:&quot;&quot;,&quot;sizes&quot;:{&quot;start&quot;:31,&quot;end&quot;:54}},&quot;motion_fx_opacity_direction&quot;:&quot;out-in&quot;,&quot;motion_fx_opacity_level&quot;:{&quot;unit&quot;:&quot;px&quot;,&quot;size&quot;:10,&quot;sizes&quot;:[]},&quot;motion_fx_devices&quot;:[&quot;widescreen&quot;,&quot;desktop&quot;,&quot;tablet&quot;,&quot;mobile&quot;]}\" data-widget_type=\"image.default\">\n\t\t\t\t<div class=\"elementor-widget-container\">\n\t\t\t\t\t\t\t\t\t\t\t\t\t\t\t<img fetchpriority=\"high\" decoding=\"async\" width=\"800\" height=\"534\" src=\"https:\/\/lomenak.com\/wp-content\/uploads\/2026\/02\/lomena-departamento-de-obras-01-1024x683.jpg\" class=\"attachment-large size-large wp-image-4587\" alt=\"Lome\u00f1a. D\u00e9partement de travaux\" srcset=\"https:\/\/lomenak.com\/wp-content\/uploads\/2026\/02\/lomena-departamento-de-obras-01-1024x683.jpg 1024w, https:\/\/lomenak.com\/wp-content\/uploads\/2026\/02\/lomena-departamento-de-obras-01-300x200.jpg 300w, https:\/\/lomenak.com\/wp-content\/uploads\/2026\/02\/lomena-departamento-de-obras-01-768x512.jpg 768w, https:\/\/lomenak.com\/wp-content\/uploads\/2026\/02\/lomena-departamento-de-obras-01-1536x1024.jpg 1536w, https:\/\/lomenak.com\/wp-content\/uploads\/2026\/02\/lomena-departamento-de-obras-01-2048x1366.jpg 2048w\" sizes=\"(max-width: 800px) 100vw, 800px\" \/>\t\t\t\t\t\t\t\t\t\t\t\t\t\t\t<\/div>\n\t\t\t\t<\/div>\n\t\t\t\t<div class=\"elementor-element elementor-element-95cf44f elementor-widget elementor-widget-text-editor\" data-id=\"95cf44f\" data-element_type=\"widget\" data-widget_type=\"text-editor.default\">\n\t\t\t\t<div class=\"elementor-widget-container\">\n\t\t\t\t\t\t\t\t\t<p class=\"p1\">Le b\u00e2timent regroupe les deux entreprises du groupe ainsi que leurs diff\u00e9rents services techniques et administratifs, ce qui garantit une coordination fluide et un suivi rigoureux de chaque projet. Le fait de r\u00e9unir l\u2019ensemble des \u00e9quipes dans un m\u00eame espace renforce notre organisation et facilite une gestion claire, directe et efficace pour nos clients. <\/p><p class=\"p1\">Soucieuse du confort de ses visiteurs, l\u2019entreprise met \u00e9galement \u00e0 disposition un parking priv\u00e9 r\u00e9serv\u00e9 aux clients, avec des places spacieuses et enti\u00e8rement gratuites, afin de garantir un acc\u00e8s simple et sans contrainte \u00e0 nos bureaux.<\/p><p class=\"p1\">Un lieu pens\u00e9 pour travailler avec s\u00e9rieux, proximit\u00e9 et vision \u00e0 long terme, au service de projets r\u00e9alis\u00e9s avec exigence, des deux c\u00f4t\u00e9s de la fronti\u00e8re.<\/p>\t\t\t\t\t\t\t\t<\/div>\n\t\t\t\t<\/div>\n\t\t\t\t\t<\/div>\n\t\t\t\t<\/div>\n\t\t\t\t<\/div>\n\t\t","protected":false},"excerpt":{"rendered":"<p>Lome\u00f1a Notre bureau Nos bureaux sont situ\u00e9s \u00e0 Irun, \u00e0 seulement 300 m\u00e8tres de la fronti\u00e8re fran\u00e7aise, dans un emplacement strat\u00e9gique qui nous permet d\u2019accompagner avec la m\u00eame proximit\u00e9 et la m\u00eame efficacit\u00e9 des clients espagnols et fran\u00e7ais. Cet environnement transfrontalier naturel, au c\u0153ur de la Bidassoa, fait pleinement partie de notre identit\u00e9 et de [&hellip;]<\/p>\n","protected":false},"author":1,"featured_media":0,"parent":0,"menu_order":0,"comment_status":"closed","ping_status":"closed","template":"elementor_header_footer","meta":{"footnotes":""},"class_list":["post-4588","page","type-page","status-publish","hentry"],"yoast_head":"<!-- This site is optimized with the Yoast SEO plugin v26.6 - https:\/\/yoast.com\/wordpress\/plugins\/seo\/ -->\n<title>Notre bureau - LOME\u00d1A<\/title>\n<meta name=\"description\" content=\"Les bureaux de Gorka Lome\u00f1a sont situ\u00e9s \u00e0 Irun, \u00e0 seulement 300 m\u00e8tres de la fronti\u00e8re fran\u00e7aise, au c\u0153ur de l&#039;axe transfrontalier de la Bidasoa. Le b\u00e2timent abrite les deux entreprises du groupe, ainsi que leurs diff\u00e9rents d\u00e9partements techniques et administratifs.\" \/>\n<meta name=\"robots\" content=\"noindex, follow, max-snippet:-1, max-image-preview:large, max-video-preview:-1\" \/>\n<meta property=\"og:locale\" content=\"fr_FR\" \/>\n<meta property=\"og:type\" content=\"article\" \/>\n<meta property=\"og:title\" content=\"Notre bureau - LOME\u00d1A\" \/>\n<meta property=\"og:description\" content=\"Les bureaux de Gorka Lome\u00f1a sont situ\u00e9s \u00e0 Irun, \u00e0 seulement 300 m\u00e8tres de la fronti\u00e8re fran\u00e7aise, au c\u0153ur de l&#039;axe transfrontalier de la Bidasoa. Le b\u00e2timent abrite les deux entreprises du groupe, ainsi que leurs diff\u00e9rents d\u00e9partements techniques et administratifs.\" \/>\n<meta property=\"og:url\" content=\"https:\/\/lomenak.com\/fr\/notre-bureau\/\" \/>\n<meta property=\"og:site_name\" content=\"LOME\u00d1A\" \/>\n<meta property=\"article:modified_time\" content=\"2026-02-23T11:24:38+00:00\" \/>\n<meta name=\"twitter:card\" content=\"summary_large_image\" \/>\n<meta name=\"twitter:label1\" content=\"Dur\u00e9e de lecture estim\u00e9e\" \/>\n\t<meta name=\"twitter:data1\" content=\"1 minute\" \/>\n<script type=\"application\/ld+json\" class=\"yoast-schema-graph\">{\"@context\":\"https:\/\/schema.org\",\"@graph\":[{\"@type\":\"WebPage\",\"@id\":\"https:\/\/lomenak.com\/fr\/notre-bureau\/\",\"url\":\"https:\/\/lomenak.com\/fr\/notre-bureau\/\",\"name\":\"Notre bureau - LOME\u00d1A\",\"isPartOf\":{\"@id\":\"https:\/\/lomenak.com\/fr\/#website\"},\"primaryImageOfPage\":{\"@id\":\"https:\/\/lomenak.com\/fr\/notre-bureau\/#primaryimage\"},\"image\":{\"@id\":\"https:\/\/lomenak.com\/fr\/notre-bureau\/#primaryimage\"},\"thumbnailUrl\":\"https:\/\/lomenak.com\/wp-content\/uploads\/2025\/07\/imagotipo-lomenak-white.svg\",\"datePublished\":\"2026-02-23T10:45:36+00:00\",\"dateModified\":\"2026-02-23T11:24:38+00:00\",\"description\":\"Les bureaux de Gorka Lome\u00f1a sont situ\u00e9s \u00e0 Irun, \u00e0 seulement 300 m\u00e8tres de la fronti\u00e8re fran\u00e7aise, au c\u0153ur de l'axe transfrontalier de la Bidasoa. Le b\u00e2timent abrite les deux entreprises du groupe, ainsi que leurs diff\u00e9rents d\u00e9partements techniques et administratifs.\",\"breadcrumb\":{\"@id\":\"https:\/\/lomenak.com\/fr\/notre-bureau\/#breadcrumb\"},\"inLanguage\":\"fr-FR\",\"potentialAction\":[{\"@type\":\"ReadAction\",\"target\":[\"https:\/\/lomenak.com\/fr\/notre-bureau\/\"]}]},{\"@type\":\"ImageObject\",\"inLanguage\":\"fr-FR\",\"@id\":\"https:\/\/lomenak.com\/fr\/notre-bureau\/#primaryimage\",\"url\":\"https:\/\/lomenak.com\/wp-content\/uploads\/2025\/07\/imagotipo-lomenak-white.svg\",\"contentUrl\":\"https:\/\/lomenak.com\/wp-content\/uploads\/2025\/07\/imagotipo-lomenak-white.svg\"},{\"@type\":\"BreadcrumbList\",\"@id\":\"https:\/\/lomenak.com\/fr\/notre-bureau\/#breadcrumb\",\"itemListElement\":[{\"@type\":\"ListItem\",\"position\":1,\"name\":\"Home\",\"item\":\"https:\/\/lomenak.com\/fr\/accueil\/\"},{\"@type\":\"ListItem\",\"position\":2,\"name\":\"Notre bureau\"}]},{\"@type\":\"WebSite\",\"@id\":\"https:\/\/lomenak.com\/fr\/#website\",\"url\":\"https:\/\/lomenak.com\/fr\/\",\"name\":\"LOME\u00d1A\",\"description\":\"\",\"potentialAction\":[{\"@type\":\"SearchAction\",\"target\":{\"@type\":\"EntryPoint\",\"urlTemplate\":\"https:\/\/lomenak.com\/fr\/?s={search_term_string}\"},\"query-input\":{\"@type\":\"PropertyValueSpecification\",\"valueRequired\":true,\"valueName\":\"search_term_string\"}}],\"inLanguage\":\"fr-FR\"}]}<\/script>\n<!-- \/ Yoast SEO plugin. -->","yoast_head_json":{"title":"Notre bureau - LOME\u00d1A","description":"Les bureaux de Gorka Lome\u00f1a sont situ\u00e9s \u00e0 Irun, \u00e0 seulement 300 m\u00e8tres de la fronti\u00e8re fran\u00e7aise, au c\u0153ur de l'axe transfrontalier de la Bidasoa. Le b\u00e2timent abrite les deux entreprises du groupe, ainsi que leurs diff\u00e9rents d\u00e9partements techniques et administratifs.","robots":{"index":"noindex","follow":"follow","max-snippet":"max-snippet:-1","max-image-preview":"max-image-preview:large","max-video-preview":"max-video-preview:-1"},"og_locale":"fr_FR","og_type":"article","og_title":"Notre bureau - LOME\u00d1A","og_description":"Les bureaux de Gorka Lome\u00f1a sont situ\u00e9s \u00e0 Irun, \u00e0 seulement 300 m\u00e8tres de la fronti\u00e8re fran\u00e7aise, au c\u0153ur de l'axe transfrontalier de la Bidasoa. Le b\u00e2timent abrite les deux entreprises du groupe, ainsi que leurs diff\u00e9rents d\u00e9partements techniques et administratifs.","og_url":"https:\/\/lomenak.com\/fr\/notre-bureau\/","og_site_name":"LOME\u00d1A","article_modified_time":"2026-02-23T11:24:38+00:00","twitter_card":"summary_large_image","twitter_misc":{"Dur\u00e9e de lecture estim\u00e9e":"1 minute"},"schema":{"@context":"https:\/\/schema.org","@graph":[{"@type":"WebPage","@id":"https:\/\/lomenak.com\/fr\/notre-bureau\/","url":"https:\/\/lomenak.com\/fr\/notre-bureau\/","name":"Notre bureau - LOME\u00d1A","isPartOf":{"@id":"https:\/\/lomenak.com\/fr\/#website"},"primaryImageOfPage":{"@id":"https:\/\/lomenak.com\/fr\/notre-bureau\/#primaryimage"},"image":{"@id":"https:\/\/lomenak.com\/fr\/notre-bureau\/#primaryimage"},"thumbnailUrl":"https:\/\/lomenak.com\/wp-content\/uploads\/2025\/07\/imagotipo-lomenak-white.svg","datePublished":"2026-02-23T10:45:36+00:00","dateModified":"2026-02-23T11:24:38+00:00","description":"Les bureaux de Gorka Lome\u00f1a sont situ\u00e9s \u00e0 Irun, \u00e0 seulement 300 m\u00e8tres de la fronti\u00e8re fran\u00e7aise, au c\u0153ur de l'axe transfrontalier de la Bidasoa. Le b\u00e2timent abrite les deux entreprises du groupe, ainsi que leurs diff\u00e9rents d\u00e9partements techniques et administratifs.","breadcrumb":{"@id":"https:\/\/lomenak.com\/fr\/notre-bureau\/#breadcrumb"},"inLanguage":"fr-FR","potentialAction":[{"@type":"ReadAction","target":["https:\/\/lomenak.com\/fr\/notre-bureau\/"]}]},{"@type":"ImageObject","inLanguage":"fr-FR","@id":"https:\/\/lomenak.com\/fr\/notre-bureau\/#primaryimage","url":"https:\/\/lomenak.com\/wp-content\/uploads\/2025\/07\/imagotipo-lomenak-white.svg","contentUrl":"https:\/\/lomenak.com\/wp-content\/uploads\/2025\/07\/imagotipo-lomenak-white.svg"},{"@type":"BreadcrumbList","@id":"https:\/\/lomenak.com\/fr\/notre-bureau\/#breadcrumb","itemListElement":[{"@type":"ListItem","position":1,"name":"Home","item":"https:\/\/lomenak.com\/fr\/accueil\/"},{"@type":"ListItem","position":2,"name":"Notre bureau"}]},{"@type":"WebSite","@id":"https:\/\/lomenak.com\/fr\/#website","url":"https:\/\/lomenak.com\/fr\/","name":"LOME\u00d1A","description":"","potentialAction":[{"@type":"SearchAction","target":{"@type":"EntryPoint","urlTemplate":"https:\/\/lomenak.com\/fr\/?s={search_term_string}"},"query-input":{"@type":"PropertyValueSpecification","valueRequired":true,"valueName":"search_term_string"}}],"inLanguage":"fr-FR"}]}},"_links":{"self":[{"href":"https:\/\/lomenak.com\/fr\/wp-json\/wp\/v2\/pages\/4588","targetHints":{"allow":["GET"]}}],"collection":[{"href":"https:\/\/lomenak.com\/fr\/wp-json\/wp\/v2\/pages"}],"about":[{"href":"https:\/\/lomenak.com\/fr\/wp-json\/wp\/v2\/types\/page"}],"author":[{"embeddable":true,"href":"https:\/\/lomenak.com\/fr\/wp-json\/wp\/v2\/users\/1"}],"replies":[{"embeddable":true,"href":"https:\/\/lomenak.com\/fr\/wp-json\/wp\/v2\/comments?post=4588"}],"version-history":[{"count":0,"href":"https:\/\/lomenak.com\/fr\/wp-json\/wp\/v2\/pages\/4588\/revisions"}],"wp:attachment":[{"href":"https:\/\/lomenak.com\/fr\/wp-json\/wp\/v2\/media?parent=4588"}],"curies":[{"name":"wp","href":"https:\/\/api.w.org\/{rel}","templated":true}]}}