{"id":5138,"date":"2025-12-10T18:28:37","date_gmt":"2025-12-10T17:28:37","guid":{"rendered":"https:\/\/lomenak.com\/politica-de-cookies\/"},"modified":"2026-04-17T16:28:06","modified_gmt":"2026-04-17T14:28:06","slug":"politica-de-cookies","status":"publish","type":"page","link":"https:\/\/lomenak.com\/fr\/politica-de-cookies\/","title":{"rendered":"Politique sur les cookies"},"content":{"rendered":"\n<p>L\u2019acc\u00e8s \u00e0 <a href=\"https:\/\/www.lomenak.com\" target=\"_blank\" rel=\"noreferrer noopener\">https:\/\/www.lomenak.com<\/a> peut impliquer l\u2019utilisation de cookies. Les cookies sont de petites quantit\u00e9s d\u2019informations stock\u00e9es dans le navigateur utilis\u00e9 par chaque utilisateur \u2013 sur les diff\u00e9rents appareils pouvant \u00eatre utilis\u00e9s pour naviguer \u2013 de sorte que le serveur se souvient de certaines informations qui seront ensuite lues uniquement par le serveur qui les a impl\u00e9ment\u00e9es. Les cookies facilitent la navigation, la rendent plus conviviale et ne d\u00e9truisent pas votre appareil de navigation.  <\/p>\n\n<p>Les cookies sont des proc\u00e9dures automatiques permettant de collecter des informations relatives aux pr\u00e9f\u00e9rences d\u00e9termin\u00e9es par l\u2019utilisateur lors de sa visite sur le site web afin de le reconna\u00eetre comme utilisateur, et de personnaliser son exp\u00e9rience et son utilisation du site, et ils peuvent \u00e9galement, par exemple, aider \u00e0 identifier et corriger les erreurs.<\/p>\n\n<p>Les informations recueillies via les cookies peuvent inclure la date et l\u2019heure des visites sur le site web, les pages consult\u00e9es, le temps pass\u00e9 sur le site et les sites visit\u00e9s juste avant et apr\u00e8s le site. Cependant, aucun cookie ne permet de le contacter via le num\u00e9ro de t\u00e9l\u00e9phone de l\u2019utilisateur ou par tout autre moyen de contact personnel. Aucun cookie ne peut extraire des informations du disque dur de l\u2019utilisateur ni voler des informations personnelles. La seule fa\u00e7on pour que les informations priv\u00e9es de l\u2019utilisateur fassent partie du fichier Cookie est que l\u2019utilisateur transmette personnellement ces informations au serveur.   <\/p>\n\n<p>Les cookies permettant d\u2019identifier une personne sont consid\u00e9r\u00e9s comme des donn\u00e9es personnelles. Par cons\u00e9quent, la politique de confidentialit\u00e9 d\u00e9crite ci-dessus s\u2019appliquera \u00e0 eux. En ce sens, le consentement de l\u2019utilisateur sera requis pour son utilisation. Ce consentement sera communiqu\u00e9, sur la base d\u2019un choix authentique, offert par une d\u00e9cision affirmative et positive, avant le traitement initial, \u00e9cartable et document\u00e9.   <\/p>\n\n<div style=\"height:25px\" aria-hidden=\"true\" class=\"wp-block-spacer\"><\/div>\n\n<h2 class=\"wp-block-heading\"><strong>Cookies tiers<\/strong><\/h2>\n\n<p>Ce sont des cookies utilis\u00e9s et g\u00e9r\u00e9s par des entit\u00e9s externes qui fournissent Lome\u00f1a, des fa\u00e7ades et des peintures avec les services qu\u2019ils demandent pour am\u00e9liorer le site web et l\u2019exp\u00e9rience utilisateur lors de la navigation. Les principaux objectifs pour lesquels les cookies tiers sont utilis\u00e9s sont d\u2019obtenir des statistiques d\u2019acc\u00e8s et d\u2019analyser les informations de navigation, c\u2019est-\u00e0-dire la mani\u00e8re dont l\u2019utilisateur interagit avec le site web. <\/p>\n\n<p>Les informations obtenues font r\u00e9f\u00e9rence, par exemple, au nombre de pages visit\u00e9es, \u00e0 la langue, au lieu d\u2019acc\u00e8s de l\u2019adresse IP depuis laquelle l\u2019utilisateur acc\u00e9de, au nombre d\u2019utilisateurs qui y acc\u00e9dent, \u00e0 la fr\u00e9quence et \u00e0 la r\u00e9currence des visites, \u00e0 l\u2019heure de la visite, au navigateur utilis\u00e9, \u00e0 l\u2019op\u00e9rateur ou au type d\u2019appareil depuis lequel la visite est effectu\u00e9e. Ces informations sont utilis\u00e9es pour am\u00e9liorer le site web et d\u00e9tecter de nouveaux besoins afin d\u2019offrir aux utilisateurs du contenu et\/ou un service de qualit\u00e9 optimale. Dans tous les cas, les informations sont collect\u00e9es anonymement et des rapports sont pr\u00e9par\u00e9s sur les tendances du site sans identifier les utilisateurs individuels.  <\/p>\n\n<p>Vous pouvez obtenir plus d\u2019informations sur les cookies, sur la confidentialit\u00e9, ou consulter la description du type de cookies utilis\u00e9s, de leurs principales caract\u00e9ristiques, de la p\u00e9riode d\u2019expiration, etc., dans le(s) lien(s) suivant(s) :<\/p>\n\n<p>Google Analytics<\/p>\n\n<p><a href=\"https:\/\/analytics.google.com\/\" target=\"_blank\" rel=\"noreferrer noopener\">https:\/\/analytics.google.com\/<\/a><\/p>\n\n<p><br\/>L\u2019entit\u00e9 ou les entit\u00e9s charg\u00e9es de fournir les cookies peuvent transf\u00e9rer ces informations \u00e0 des tiers, \u00e0 condition que cela soit exig\u00e9 par la loi ou qu\u2019un tiers traite ces informations pour ces entit\u00e9s.<\/p>\n\n<div style=\"height:25px\" aria-hidden=\"true\" class=\"wp-block-spacer\"><\/div>\n\n<h2 class=\"wp-block-heading\"><strong>D\u00e9sactiver, rejeter et supprimer les cookies<\/strong><\/h2>\n\n<p>L\u2019utilisateur peut d\u00e9sactiver, rejeter et supprimer les cookies \u2013 en tout ou en partie \u2013 install\u00e9s sur son appareil via les param\u00e8tres de son navigateur (y compris, par exemple, Chrome, Firefox, Safari, Explorer). \u00c0 cet \u00e9gard, les proc\u00e9dures de rejet et de suppression des cookies peuvent varier d\u2019un navigateur internet \u00e0 l\u2019autre. Par cons\u00e9quent, l\u2019utilisateur doit se r\u00e9f\u00e9rer aux instructions fournies par le navigateur Internet qu\u2019il utilise. Dans le cas o\u00f9 vous refusez l\u2019utilisation des cookies \u2013 en tout ou en partie \u2013 vous pouvez continuer \u00e0 utiliser le site web, bien que certains de ses fonctionnalit\u00e9s puissent \u00eatre limit\u00e9s.   <\/p>\n","protected":false},"excerpt":{"rendered":"<p>L\u2019acc\u00e8s \u00e0 https:\/\/www.lomenak.com peut impliquer l\u2019utilisation de cookies. Les cookies sont de petites quantit\u00e9s d\u2019informations stock\u00e9es dans le navigateur utilis\u00e9 par chaque utilisateur \u2013 sur les diff\u00e9rents appareils pouvant \u00eatre utilis\u00e9s pour naviguer \u2013 de sorte que le serveur se souvient de certaines informations qui seront ensuite lues uniquement par le serveur qui les a [&hellip;]<\/p>\n","protected":false},"author":1,"featured_media":0,"parent":0,"menu_order":0,"comment_status":"closed","ping_status":"closed","template":"","meta":{"footnotes":""},"class_list":["post-5138","page","type-page","status-publish","hentry"],"yoast_head":"<!-- This site is optimized with the Yoast SEO plugin v26.6 - https:\/\/yoast.com\/wordpress\/plugins\/seo\/ -->\n<title>Politique sur les cookies - LOME\u00d1A<\/title>\n<meta name=\"robots\" content=\"noindex, follow, max-snippet:-1, max-image-preview:large, max-video-preview:-1\" \/>\n<meta property=\"og:locale\" content=\"fr_FR\" \/>\n<meta property=\"og:type\" content=\"article\" \/>\n<meta property=\"og:title\" content=\"Politique sur les cookies - LOME\u00d1A\" \/>\n<meta property=\"og:description\" content=\"L\u2019acc\u00e8s \u00e0 https:\/\/www.lomenak.com peut impliquer l\u2019utilisation de cookies. Les cookies sont de petites quantit\u00e9s d\u2019informations stock\u00e9es dans le navigateur utilis\u00e9 par chaque utilisateur \u2013 sur les diff\u00e9rents appareils pouvant \u00eatre utilis\u00e9s pour naviguer \u2013 de sorte que le serveur se souvient de certaines informations qui seront ensuite lues uniquement par le serveur qui les a [&hellip;]\" \/>\n<meta property=\"og:url\" content=\"https:\/\/lomenak.com\/fr\/politica-de-cookies\/\" \/>\n<meta property=\"og:site_name\" content=\"LOME\u00d1A\" \/>\n<meta property=\"article:modified_time\" content=\"2026-04-17T14:28:06+00:00\" \/>\n<meta name=\"twitter:card\" content=\"summary_large_image\" \/>\n<meta name=\"twitter:label1\" content=\"Dur\u00e9e de lecture estim\u00e9e\" \/>\n\t<meta name=\"twitter:data1\" content=\"4 minutes\" \/>\n<script type=\"application\/ld+json\" class=\"yoast-schema-graph\">{\"@context\":\"https:\/\/schema.org\",\"@graph\":[{\"@type\":\"WebPage\",\"@id\":\"https:\/\/lomenak.com\/fr\/politica-de-cookies\/\",\"url\":\"https:\/\/lomenak.com\/fr\/politica-de-cookies\/\",\"name\":\"Politique sur les cookies - LOME\u00d1A\",\"isPartOf\":{\"@id\":\"https:\/\/lomenak.com\/fr\/#website\"},\"datePublished\":\"2025-12-10T17:28:37+00:00\",\"dateModified\":\"2026-04-17T14:28:06+00:00\",\"breadcrumb\":{\"@id\":\"https:\/\/lomenak.com\/fr\/politica-de-cookies\/#breadcrumb\"},\"inLanguage\":\"fr-FR\",\"potentialAction\":[{\"@type\":\"ReadAction\",\"target\":[\"https:\/\/lomenak.com\/fr\/politica-de-cookies\/\"]}]},{\"@type\":\"BreadcrumbList\",\"@id\":\"https:\/\/lomenak.com\/fr\/politica-de-cookies\/#breadcrumb\",\"itemListElement\":[{\"@type\":\"ListItem\",\"position\":1,\"name\":\"Home\",\"item\":\"https:\/\/lomenak.com\/fr\/accueil\/\"},{\"@type\":\"ListItem\",\"position\":2,\"name\":\"Politique sur les cookies\"}]},{\"@type\":\"WebSite\",\"@id\":\"https:\/\/lomenak.com\/fr\/#website\",\"url\":\"https:\/\/lomenak.com\/fr\/\",\"name\":\"LOME\u00d1A\",\"description\":\"\",\"potentialAction\":[{\"@type\":\"SearchAction\",\"target\":{\"@type\":\"EntryPoint\",\"urlTemplate\":\"https:\/\/lomenak.com\/fr\/?s={search_term_string}\"},\"query-input\":{\"@type\":\"PropertyValueSpecification\",\"valueRequired\":true,\"valueName\":\"search_term_string\"}}],\"inLanguage\":\"fr-FR\"}]}<\/script>\n<!-- \/ Yoast SEO plugin. -->","yoast_head_json":{"title":"Politique sur les cookies - LOME\u00d1A","robots":{"index":"noindex","follow":"follow","max-snippet":"max-snippet:-1","max-image-preview":"max-image-preview:large","max-video-preview":"max-video-preview:-1"},"og_locale":"fr_FR","og_type":"article","og_title":"Politique sur les cookies - LOME\u00d1A","og_description":"L\u2019acc\u00e8s \u00e0 https:\/\/www.lomenak.com peut impliquer l\u2019utilisation de cookies. Les cookies sont de petites quantit\u00e9s d\u2019informations stock\u00e9es dans le navigateur utilis\u00e9 par chaque utilisateur \u2013 sur les diff\u00e9rents appareils pouvant \u00eatre utilis\u00e9s pour naviguer \u2013 de sorte que le serveur se souvient de certaines informations qui seront ensuite lues uniquement par le serveur qui les a [&hellip;]","og_url":"https:\/\/lomenak.com\/fr\/politica-de-cookies\/","og_site_name":"LOME\u00d1A","article_modified_time":"2026-04-17T14:28:06+00:00","twitter_card":"summary_large_image","twitter_misc":{"Dur\u00e9e de lecture estim\u00e9e":"4 minutes"},"schema":{"@context":"https:\/\/schema.org","@graph":[{"@type":"WebPage","@id":"https:\/\/lomenak.com\/fr\/politica-de-cookies\/","url":"https:\/\/lomenak.com\/fr\/politica-de-cookies\/","name":"Politique sur les cookies - LOME\u00d1A","isPartOf":{"@id":"https:\/\/lomenak.com\/fr\/#website"},"datePublished":"2025-12-10T17:28:37+00:00","dateModified":"2026-04-17T14:28:06+00:00","breadcrumb":{"@id":"https:\/\/lomenak.com\/fr\/politica-de-cookies\/#breadcrumb"},"inLanguage":"fr-FR","potentialAction":[{"@type":"ReadAction","target":["https:\/\/lomenak.com\/fr\/politica-de-cookies\/"]}]},{"@type":"BreadcrumbList","@id":"https:\/\/lomenak.com\/fr\/politica-de-cookies\/#breadcrumb","itemListElement":[{"@type":"ListItem","position":1,"name":"Home","item":"https:\/\/lomenak.com\/fr\/accueil\/"},{"@type":"ListItem","position":2,"name":"Politique sur les cookies"}]},{"@type":"WebSite","@id":"https:\/\/lomenak.com\/fr\/#website","url":"https:\/\/lomenak.com\/fr\/","name":"LOME\u00d1A","description":"","potentialAction":[{"@type":"SearchAction","target":{"@type":"EntryPoint","urlTemplate":"https:\/\/lomenak.com\/fr\/?s={search_term_string}"},"query-input":{"@type":"PropertyValueSpecification","valueRequired":true,"valueName":"search_term_string"}}],"inLanguage":"fr-FR"}]}},"_links":{"self":[{"href":"https:\/\/lomenak.com\/fr\/wp-json\/wp\/v2\/pages\/5138","targetHints":{"allow":["GET"]}}],"collection":[{"href":"https:\/\/lomenak.com\/fr\/wp-json\/wp\/v2\/pages"}],"about":[{"href":"https:\/\/lomenak.com\/fr\/wp-json\/wp\/v2\/types\/page"}],"author":[{"embeddable":true,"href":"https:\/\/lomenak.com\/fr\/wp-json\/wp\/v2\/users\/1"}],"replies":[{"embeddable":true,"href":"https:\/\/lomenak.com\/fr\/wp-json\/wp\/v2\/comments?post=5138"}],"version-history":[{"count":0,"href":"https:\/\/lomenak.com\/fr\/wp-json\/wp\/v2\/pages\/5138\/revisions"}],"wp:attachment":[{"href":"https:\/\/lomenak.com\/fr\/wp-json\/wp\/v2\/media?parent=5138"}],"curies":[{"name":"wp","href":"https:\/\/api.w.org\/{rel}","templated":true}]}}